{"id":5875,"date":"2019-10-28T08:36:55","date_gmt":"2019-10-28T06:36:55","guid":{"rendered":"https:\/\/ddt.lv\/product\/cr1620-5-baterija-litija-3v-camelion\/"},"modified":"2026-04-01T00:08:20","modified_gmt":"2026-03-31T21:08:20","slug":"cr1620-5-baterija-litija-3v-camelion","status":"publish","type":"product","link":"https:\/\/ddt.lv\/ru\/product\/cr1620-5-baterija-litija-3v-camelion\/","title":{"rendered":"\u0411\u0430\u0442\u0430\u0440\u0435\u0439\u043a\u0438 CR1620 Camelion Lithium 3V 5 \u0448\u0442."},"content":{"rendered":"<p>Litija tehnolo\u0123ijas table\u0161veida baterija no ra\u017eot\u0101ja Camelion. Piem\u0113rota lieto\u0161anai kalkulatoros, t\u0101lvad\u012bbas pult\u012bs un vied\u0101s m\u0101jas ier\u012bc\u0113s.<\/p>\n","protected":false},"excerpt":{"rendered":"<p>Litija tehnolo\u0123ijas table\u0161veida baterija no ra\u017eot\u0101ja Camelion. Piem\u0113rota lieto\u0161anai kalkulatoros, t\u0101lvad\u012bbas pult\u012bs un vied\u0101s m\u0101jas ier\u012bc\u0113s.<\/p>\n","protected":false},"featured_media":14916,"comment_status":"closed","ping_status":"closed","template":"","meta":{"inline_featured_image":false},"product_cat":[450],"product_tag":[],"yst_prominent_words":[],"class_list":{"0":"post-5875","1":"product","2":"type-product","3":"status-publish","4":"has-post-thumbnail","6":"product_cat-litija-tablesveida","8":"first","9":"instock","10":"taxable","11":"shipping-taxable","12":"purchasable","13":"product-type-simple"},"jetpack_sharing_enabled":true,"_links":{"self":[{"href":"https:\/\/ddt.lv\/ru\/wp-json\/wp\/v2\/product\/5875"}],"collection":[{"href":"https:\/\/ddt.lv\/ru\/wp-json\/wp\/v2\/product"}],"about":[{"href":"https:\/\/ddt.lv\/ru\/wp-json\/wp\/v2\/types\/product"}],"replies":[{"embeddable":true,"href":"https:\/\/ddt.lv\/ru\/wp-json\/wp\/v2\/comments?post=5875"}],"wp:featuredmedia":[{"embeddable":true,"href":"https:\/\/ddt.lv\/ru\/wp-json\/wp\/v2\/media\/14916"}],"wp:attachment":[{"href":"https:\/\/ddt.lv\/ru\/wp-json\/wp\/v2\/media?parent=5875"}],"wp:term":[{"taxonomy":"product_cat","embeddable":true,"href":"https:\/\/ddt.lv\/ru\/wp-json\/wp\/v2\/product_cat?post=5875"},{"taxonomy":"product_tag","embeddable":true,"href":"https:\/\/ddt.lv\/ru\/wp-json\/wp\/v2\/product_tag?post=5875"},{"taxonomy":"yst_prominent_words","embeddable":true,"href":"https:\/\/ddt.lv\/ru\/wp-json\/wp\/v2\/yst_prominent_words?post=5875"}],"curies":[{"name":"wp","href":"https:\/\/api.w.org\/{rel}","templated":true}]}}