{"id":5827,"date":"2019-10-28T08:36:49","date_gmt":"2019-10-28T06:36:49","guid":{"rendered":"https:\/\/ddt.lv\/product\/57678-lcd-universala-ladejama-ierice-bl1-varta\/"},"modified":"2026-04-27T08:28:12","modified_gmt":"2026-04-27T05:28:12","slug":"57678-lcd-universala-ladejama-ierice-bl1-varta","status":"publish","type":"product","link":"https:\/\/ddt.lv\/ru\/product\/57678-lcd-universala-ladejama-ierice-bl1-varta\/","title":{"rendered":"57678 \u0417\u0430\u0440\u044f\u0434\u043d\u043e\u0435 \u0443\u0441\u0442\u0440\u043e\u0439\u0441\u0442\u0432\u043e \u0434\u043b\u044f \u0430\u043a\u043a\u0443\u043c\u0443\u043b\u044f\u0442\u043e\u0440\u043e\u0432 VARTA LCD Universal AAA, AA, C, D, 9V"},"content":{"rendered":"<p>L\u0101d\u0113\u0161anas ier\u012bce, kura sev\u012b ietver visu klasisko bateriju izm\u0113ru diapazonu l\u0101d\u0113\u0161anu!<\/p>\n<p>AA\/AAA\/C\/D\/9V l\u0101d\u0113\u0161anai!<\/p>\n","protected":false},"excerpt":{"rendered":"<p>L\u0101d\u0113\u0161anas ier\u012bce, kura sev\u012b ietver visu klasisko bateriju izm\u0113ru diapazonu l\u0101d\u0113\u0161anu! AA\/AAA\/C\/D\/9V l\u0101d\u0113\u0161anai!<\/p>\n","protected":false},"featured_media":14841,"comment_status":"closed","ping_status":"closed","template":"","meta":{"inline_featured_image":false},"product_cat":[772,453],"product_tag":[],"yst_prominent_words":[],"class_list":{"0":"post-5827","1":"product","2":"type-product","3":"status-publish","4":"has-post-thumbnail","6":"product_cat-atlaides","7":"product_cat-ladesanas-ierices","9":"first","10":"outofstock","11":"sale","12":"taxable","13":"shipping-taxable","14":"purchasable","15":"product-type-simple"},"jetpack_sharing_enabled":true,"_links":{"self":[{"href":"https:\/\/ddt.lv\/ru\/wp-json\/wp\/v2\/product\/5827"}],"collection":[{"href":"https:\/\/ddt.lv\/ru\/wp-json\/wp\/v2\/product"}],"about":[{"href":"https:\/\/ddt.lv\/ru\/wp-json\/wp\/v2\/types\/product"}],"replies":[{"embeddable":true,"href":"https:\/\/ddt.lv\/ru\/wp-json\/wp\/v2\/comments?post=5827"}],"wp:featuredmedia":[{"embeddable":true,"href":"https:\/\/ddt.lv\/ru\/wp-json\/wp\/v2\/media\/14841"}],"wp:attachment":[{"href":"https:\/\/ddt.lv\/ru\/wp-json\/wp\/v2\/media?parent=5827"}],"wp:term":[{"taxonomy":"product_cat","embeddable":true,"href":"https:\/\/ddt.lv\/ru\/wp-json\/wp\/v2\/product_cat?post=5827"},{"taxonomy":"product_tag","embeddable":true,"href":"https:\/\/ddt.lv\/ru\/wp-json\/wp\/v2\/product_tag?post=5827"},{"taxonomy":"yst_prominent_words","embeddable":true,"href":"https:\/\/ddt.lv\/ru\/wp-json\/wp\/v2\/yst_prominent_words?post=5827"}],"curies":[{"name":"wp","href":"https:\/\/api.w.org\/{rel}","templated":true}]}}