{"id":5791,"date":"2019-10-28T08:36:45","date_gmt":"2019-10-28T06:36:45","guid":{"rendered":"https:\/\/ddt.lv\/product\/konteiners-bateriju-uzglabasanai-rayovac\/"},"modified":"2026-04-01T00:08:06","modified_gmt":"2026-03-31T21:08:06","slug":"konteiners-bateriju-uzglabasanai-rayovac","status":"publish","type":"product","link":"https:\/\/ddt.lv\/ru\/product\/konteiners-bateriju-uzglabasanai-rayovac\/","title":{"rendered":"\u041a\u043e\u043d\u0442\u0435\u0439\u043d\u0435\u0440 \u0434\u043b\u044f \u0445\u0440\u0430\u043d\u0435\u043d\u0438\u044f \u0441\u043b\u0443\u0445\u043e\u0432\u044b\u0445 \u0431\u0430\u0442\u0430\u0440\u0435\u0435\u043a Rayovac"},"content":{"rendered":"<p>\u0112rtai un kompaktai bateriju uzglab\u0101\u0161anai!<\/p>\n","protected":false},"excerpt":{"rendered":"<p>\u0112rtai un kompaktai bateriju uzglab\u0101\u0161anai!<\/p>\n","protected":false},"featured_media":14645,"comment_status":"closed","ping_status":"closed","template":"","meta":{"inline_featured_image":false},"product_cat":[772,448],"product_tag":[],"yst_prominent_words":[],"class_list":{"0":"post-5791","1":"product","2":"type-product","3":"status-publish","4":"has-post-thumbnail","6":"product_cat-atlaides","7":"product_cat-dzirdes-aparatiem","9":"first","10":"instock","11":"sale","12":"taxable","13":"shipping-taxable","14":"purchasable","15":"product-type-simple"},"jetpack_sharing_enabled":true,"_links":{"self":[{"href":"https:\/\/ddt.lv\/ru\/wp-json\/wp\/v2\/product\/5791"}],"collection":[{"href":"https:\/\/ddt.lv\/ru\/wp-json\/wp\/v2\/product"}],"about":[{"href":"https:\/\/ddt.lv\/ru\/wp-json\/wp\/v2\/types\/product"}],"replies":[{"embeddable":true,"href":"https:\/\/ddt.lv\/ru\/wp-json\/wp\/v2\/comments?post=5791"}],"wp:featuredmedia":[{"embeddable":true,"href":"https:\/\/ddt.lv\/ru\/wp-json\/wp\/v2\/media\/14645"}],"wp:attachment":[{"href":"https:\/\/ddt.lv\/ru\/wp-json\/wp\/v2\/media?parent=5791"}],"wp:term":[{"taxonomy":"product_cat","embeddable":true,"href":"https:\/\/ddt.lv\/ru\/wp-json\/wp\/v2\/product_cat?post=5791"},{"taxonomy":"product_tag","embeddable":true,"href":"https:\/\/ddt.lv\/ru\/wp-json\/wp\/v2\/product_tag?post=5791"},{"taxonomy":"yst_prominent_words","embeddable":true,"href":"https:\/\/ddt.lv\/ru\/wp-json\/wp\/v2\/yst_prominent_words?post=5791"}],"curies":[{"name":"wp","href":"https:\/\/api.w.org\/{rel}","templated":true}]}}