{"id":5790,"date":"2019-10-28T08:36:45","date_gmt":"2019-10-28T06:36:45","guid":{"rendered":"https:\/\/ddt.lv\/product\/magnets-bateriju-turesanai-rayovac\/"},"modified":"2026-04-01T00:08:06","modified_gmt":"2026-03-31T21:08:06","slug":"magnets-bateriju-turesanai-rayovac","status":"publish","type":"product","link":"https:\/\/ddt.lv\/ru\/product\/magnets-bateriju-turesanai-rayovac\/","title":{"rendered":"\u041c\u0430\u0433\u043d\u0438\u0442 Rayovac \u0434\u043b\u044f \u0437\u0430\u043c\u0435\u043d\u044b \u0441\u043b\u0443\u0445\u043e\u0432\u044b\u0445 \u0431\u0430\u0442\u0430\u0440\u0435\u0435\u043a"},"content":{"rendered":"<p>\u0112rt\u0101kai bateriju nomai\u0146ai!<\/p>\n","protected":false},"excerpt":{"rendered":"<p>\u0112rt\u0101kai bateriju nomai\u0146ai!<\/p>\n","protected":false},"featured_media":14643,"comment_status":"closed","ping_status":"closed","template":"","meta":{"inline_featured_image":false},"product_cat":[772,448],"product_tag":[],"yst_prominent_words":[],"class_list":{"0":"post-5790","1":"product","2":"type-product","3":"status-publish","4":"has-post-thumbnail","6":"product_cat-atlaides","7":"product_cat-dzirdes-aparatiem","9":"first","10":"instock","11":"sale","12":"taxable","13":"shipping-taxable","14":"purchasable","15":"product-type-simple"},"jetpack_sharing_enabled":true,"_links":{"self":[{"href":"https:\/\/ddt.lv\/ru\/wp-json\/wp\/v2\/product\/5790"}],"collection":[{"href":"https:\/\/ddt.lv\/ru\/wp-json\/wp\/v2\/product"}],"about":[{"href":"https:\/\/ddt.lv\/ru\/wp-json\/wp\/v2\/types\/product"}],"replies":[{"embeddable":true,"href":"https:\/\/ddt.lv\/ru\/wp-json\/wp\/v2\/comments?post=5790"}],"wp:featuredmedia":[{"embeddable":true,"href":"https:\/\/ddt.lv\/ru\/wp-json\/wp\/v2\/media\/14643"}],"wp:attachment":[{"href":"https:\/\/ddt.lv\/ru\/wp-json\/wp\/v2\/media?parent=5790"}],"wp:term":[{"taxonomy":"product_cat","embeddable":true,"href":"https:\/\/ddt.lv\/ru\/wp-json\/wp\/v2\/product_cat?post=5790"},{"taxonomy":"product_tag","embeddable":true,"href":"https:\/\/ddt.lv\/ru\/wp-json\/wp\/v2\/product_tag?post=5790"},{"taxonomy":"yst_prominent_words","embeddable":true,"href":"https:\/\/ddt.lv\/ru\/wp-json\/wp\/v2\/yst_prominent_words?post=5790"}],"curies":[{"name":"wp","href":"https:\/\/api.w.org\/{rel}","templated":true}]}}