{"id":5733,"date":"2019-10-28T08:36:39","date_gmt":"2019-10-28T06:36:39","guid":{"rendered":"https:\/\/ddt.lv\/product\/57642-pocket-2-4-viet-ladejama-ierice-4xaa-2600mah-varta\/"},"modified":"2026-04-13T09:47:58","modified_gmt":"2026-04-13T06:47:58","slug":"57642-pocket-2-4-viet-ladejama-ierice-4xaa-2600mah-varta","status":"publish","type":"product","link":"https:\/\/ddt.lv\/ru\/product\/57642-pocket-2-4-viet-ladejama-ierice-4xaa-2600mah-varta\/","title":{"rendered":"57642 \u0417\u0430\u0440\u044f\u0434\u043d\u043e\u0435 \u0443\u0441\u0442\u0440\u043e\u0439\u0441\u0442\u0432\u043e \u0434\u043b\u044f \u0430\u043a\u043a\u0443\u043c\u0443\u043b\u044f\u0442\u043e\u0440\u043e\u0432 VARTA Pocket 2\/4 \u043c\u0435\u0441\u0442\u0430, \u043a\u043e\u043c\u043f\u043b\u0435\u043a\u0442 \u0438\u0437 4 \u0448\u0442. \u0410\u0410 2600 \u043c\u0410\u0447"},"content":{"rendered":"<p>Kompakts un izsmalcin\u0101ts dizains! Komplekt\u0101 ar 4gb. AA 2600mAh baterij\u0101m.<\/p>\n","protected":false},"excerpt":{"rendered":"<p>Kompakts un izsmalcin\u0101ts dizains! Komplekt\u0101 ar 4gb. AA 2600mAh baterij\u0101m.<\/p>\n","protected":false},"featured_media":14849,"comment_status":"closed","ping_status":"closed","template":"","meta":{"inline_featured_image":false},"product_cat":[453],"product_tag":[],"yst_prominent_words":[],"class_list":{"0":"post-5733","1":"product","2":"type-product","3":"status-publish","4":"has-post-thumbnail","6":"product_cat-ladesanas-ierices","8":"first","9":"outofstock","10":"taxable","11":"shipping-taxable","12":"purchasable","13":"product-type-simple"},"jetpack_sharing_enabled":true,"_links":{"self":[{"href":"https:\/\/ddt.lv\/ru\/wp-json\/wp\/v2\/product\/5733"}],"collection":[{"href":"https:\/\/ddt.lv\/ru\/wp-json\/wp\/v2\/product"}],"about":[{"href":"https:\/\/ddt.lv\/ru\/wp-json\/wp\/v2\/types\/product"}],"replies":[{"embeddable":true,"href":"https:\/\/ddt.lv\/ru\/wp-json\/wp\/v2\/comments?post=5733"}],"wp:featuredmedia":[{"embeddable":true,"href":"https:\/\/ddt.lv\/ru\/wp-json\/wp\/v2\/media\/14849"}],"wp:attachment":[{"href":"https:\/\/ddt.lv\/ru\/wp-json\/wp\/v2\/media?parent=5733"}],"wp:term":[{"taxonomy":"product_cat","embeddable":true,"href":"https:\/\/ddt.lv\/ru\/wp-json\/wp\/v2\/product_cat?post=5733"},{"taxonomy":"product_tag","embeddable":true,"href":"https:\/\/ddt.lv\/ru\/wp-json\/wp\/v2\/product_tag?post=5733"},{"taxonomy":"yst_prominent_words","embeddable":true,"href":"https:\/\/ddt.lv\/ru\/wp-json\/wp\/v2\/yst_prominent_words?post=5733"}],"curies":[{"name":"wp","href":"https:\/\/api.w.org\/{rel}","templated":true}]}}