{"id":5597,"date":"2019-10-28T08:36:23","date_gmt":"2019-10-28T06:36:23","guid":{"rendered":"https:\/\/ddt.lv\/product\/56733-2-aaa-baterija-accu-550mah-varta-solar\/"},"modified":"2026-04-09T16:16:12","modified_gmt":"2026-04-09T13:16:12","slug":"56733-2-aaa-baterija-accu-550mah-varta-solar","status":"publish","type":"product","link":"https:\/\/ddt.lv\/ru\/product\/56733-2-aaa-baterija-accu-550mah-varta-solar\/","title":{"rendered":"56733\/2 \u0410\u043a\u043a\u0443\u043c\u0443\u043b\u044f\u0442\u043e\u0440\u043d\u044b\u0435 \u0431\u0430\u0442\u0430\u0440\u0435\u0438 AAA VARTA Accu Solar 550 \u043c\u0410\u0447 2 \u0448\u0442."},"content":{"rendered":"<p>Varta Solar l\u0101d\u0113jam\u0101s baterijas ir \u012bpa\u0161i veidotas lieto\u0161anai l\u0113nas izl\u0101des un uzl\u0101des ier\u012bc\u0113s, piem\u0113ram, d\u0101rza lamp\u0101s, kuras uzl\u0101d\u0113jas ar saules ener\u0123iju, t\u0101d\u0113j\u0101di J\u016bs ietaup\u0101t naudu nep\u0101rmaks\u0101jot par bateriju potenci\u0101lu, kuru neizmantosiet!<\/p>\n","protected":false},"excerpt":{"rendered":"<p>Varta Solar l\u0101d\u0113jam\u0101s baterijas ir \u012bpa\u0161i veidotas lieto\u0161anai l\u0113nas izl\u0101des un uzl\u0101des ier\u012bc\u0113s, piem\u0113ram, d\u0101rza lamp\u0101s, kuras uzl\u0101d\u0113jas ar saules ener\u0123iju, t\u0101d\u0113j\u0101di J\u016bs ietaup\u0101t naudu nep\u0101rmaks\u0101jot par bateriju potenci\u0101lu, kuru neizmantosiet!<\/p>\n","protected":false},"featured_media":33101,"comment_status":"closed","ping_status":"closed","template":"","meta":{"inline_featured_image":false},"product_cat":[442],"product_tag":[],"yst_prominent_words":[],"class_list":{"0":"post-5597","1":"product","2":"type-product","3":"status-publish","4":"has-post-thumbnail","6":"product_cat-aaa","8":"first","9":"instock","10":"taxable","11":"shipping-taxable","12":"purchasable","13":"product-type-simple"},"jetpack_sharing_enabled":true,"_links":{"self":[{"href":"https:\/\/ddt.lv\/ru\/wp-json\/wp\/v2\/product\/5597"}],"collection":[{"href":"https:\/\/ddt.lv\/ru\/wp-json\/wp\/v2\/product"}],"about":[{"href":"https:\/\/ddt.lv\/ru\/wp-json\/wp\/v2\/types\/product"}],"replies":[{"embeddable":true,"href":"https:\/\/ddt.lv\/ru\/wp-json\/wp\/v2\/comments?post=5597"}],"wp:featuredmedia":[{"embeddable":true,"href":"https:\/\/ddt.lv\/ru\/wp-json\/wp\/v2\/media\/33101"}],"wp:attachment":[{"href":"https:\/\/ddt.lv\/ru\/wp-json\/wp\/v2\/media?parent=5597"}],"wp:term":[{"taxonomy":"product_cat","embeddable":true,"href":"https:\/\/ddt.lv\/ru\/wp-json\/wp\/v2\/product_cat?post=5597"},{"taxonomy":"product_tag","embeddable":true,"href":"https:\/\/ddt.lv\/ru\/wp-json\/wp\/v2\/product_tag?post=5597"},{"taxonomy":"yst_prominent_words","embeddable":true,"href":"https:\/\/ddt.lv\/ru\/wp-json\/wp\/v2\/yst_prominent_words?post=5597"}],"curies":[{"name":"wp","href":"https:\/\/api.w.org\/{rel}","templated":true}]}}