{"id":5593,"date":"2019-10-28T08:36:22","date_gmt":"2019-10-28T06:36:22","guid":{"rendered":"https:\/\/ddt.lv\/product\/57070-lcd-4-viet-lad-ierice-4xaa-2600mahauto-adapt-varta\/"},"modified":"2026-04-01T00:07:37","modified_gmt":"2026-03-31T21:07:37","slug":"57070-lcd-4-viet-lad-ierice-4xaa-2600mahauto-adapt-varta","status":"publish","type":"product","link":"https:\/\/ddt.lv\/ru\/product\/57070-lcd-4-viet-lad-ierice-4xaa-2600mahauto-adapt-varta\/","title":{"rendered":"57070 \u0417\u0430\u0440\u044f\u0434\u043d\u043e\u0435 \u0443\u0441\u0442\u0440\u043e\u0439\u0441\u0442\u0432\u043e \u0434\u043b\u044f \u0430\u043a\u043a\u0443\u043c\u0443\u043b\u044f\u0442\u043e\u0440\u043e\u0432 VARTA LCD 4 \u043c\u0435\u0441\u0442\u0430 + \u0430\u0432\u0442\u043e\u043c\u043e\u0431\u0438\u043b\u044c\u043d\u044b\u0439 \u0430\u0434\u0430\u043f\u0442\u0435\u0440 12\u0412 \u0438 USB, 4 \u0448\u0442. \u0410\u0410 2600 \u043c\u0410\u0447"},"content":{"rendered":"<p>Plus X balvas laure\u0101ts, kuru pie\u0161\u0137ir par inovat\u012bv\u0101m tehnolo\u0123ij\u0101m! L\u0101d\u0113jams ar\u012b automa\u0161\u012bn\u0101! Komplekt\u0101 4gb 2600mAh AA baterijas.<\/p>\n","protected":false},"excerpt":{"rendered":"<p>Plus X balvas laure\u0101ts, kuru pie\u0161\u0137ir par inovat\u012bv\u0101m tehnolo\u0123ij\u0101m! L\u0101d\u0113jams ar\u012b automa\u0161\u012bn\u0101! Komplekt\u0101 4gb 2600mAh AA baterijas.<\/p>\n","protected":false},"featured_media":14877,"comment_status":"closed","ping_status":"closed","template":"","meta":{"inline_featured_image":false},"product_cat":[772,453],"product_tag":[],"yst_prominent_words":[],"class_list":{"0":"post-5593","1":"product","2":"type-product","3":"status-publish","4":"has-post-thumbnail","6":"product_cat-atlaides","7":"product_cat-ladesanas-ierices","9":"first","10":"instock","11":"sale","12":"taxable","13":"shipping-taxable","14":"purchasable","15":"product-type-simple"},"jetpack_sharing_enabled":true,"_links":{"self":[{"href":"https:\/\/ddt.lv\/ru\/wp-json\/wp\/v2\/product\/5593"}],"collection":[{"href":"https:\/\/ddt.lv\/ru\/wp-json\/wp\/v2\/product"}],"about":[{"href":"https:\/\/ddt.lv\/ru\/wp-json\/wp\/v2\/types\/product"}],"replies":[{"embeddable":true,"href":"https:\/\/ddt.lv\/ru\/wp-json\/wp\/v2\/comments?post=5593"}],"wp:featuredmedia":[{"embeddable":true,"href":"https:\/\/ddt.lv\/ru\/wp-json\/wp\/v2\/media\/14877"}],"wp:attachment":[{"href":"https:\/\/ddt.lv\/ru\/wp-json\/wp\/v2\/media?parent=5593"}],"wp:term":[{"taxonomy":"product_cat","embeddable":true,"href":"https:\/\/ddt.lv\/ru\/wp-json\/wp\/v2\/product_cat?post=5593"},{"taxonomy":"product_tag","embeddable":true,"href":"https:\/\/ddt.lv\/ru\/wp-json\/wp\/v2\/product_tag?post=5593"},{"taxonomy":"yst_prominent_words","embeddable":true,"href":"https:\/\/ddt.lv\/ru\/wp-json\/wp\/v2\/yst_prominent_words?post=5593"}],"curies":[{"name":"wp","href":"https:\/\/api.w.org\/{rel}","templated":true}]}}