{"id":5584,"date":"2019-10-28T08:36:21","date_gmt":"2019-10-28T06:36:21","guid":{"rendered":"https:\/\/ddt.lv\/product\/indukcijas-plitina-1-viet-single-elegance-unold\/"},"modified":"2026-04-06T10:47:38","modified_gmt":"2026-04-06T07:47:38","slug":"indukcijas-plitina-1-viet-single-elegance-unold","status":"publish","type":"product","link":"https:\/\/ddt.lv\/ru\/product\/indukcijas-plitina-1-viet-single-elegance-unold\/","title":{"rendered":"(Latvie\u0161u) Indukcijas pl\u012bts 1-viet\u012bga Single Elegance UNOLD"},"content":{"rendered":"<p>Lieliska indukcijas pl\u012bti\u0146a gan k\u0101 papildin\u0101jums cepe\u0161kr\u0101snij, gan k\u0101 neatkar\u012bga, pilnv\u0113rt\u012bga pl\u012bts neliel\u0101 virtuv\u0113! Pl\u012bts Elegance ir apvelt\u012bta ar vienu ri\u0146\u0137i (2000w ) , nodro\u0161inot \u0101tru darb\u012bbu un ener\u0123ijas taup\u012bbu. Sader\u012bgs ar indukcijas virsm\u0101m draudz\u012bgiem traukiem, no 12-20cm diametr\u0101 lieliem. M\u016bsdien\u012bgs dizains &#8211; melns p\u0101rkl\u0101jums ar t\u0113rauda akcentiem! Ri\u0146\u0137im ir 6 karstuma iestat\u012bjumi, autom\u0101tiska trauka sader\u012bbas noteik\u0161ana un taimeris, kuru var iestat\u012bt lidz pat 180 min\u016bt\u0113m.<\/p>\n","protected":false},"excerpt":{"rendered":"<p>Lieliska indukcijas pl\u012bti\u0146a gan k\u0101 papildin\u0101jums cepe\u0161kr\u0101snij, gan k\u0101 neatkar\u012bga, pilnv\u0113rt\u012bga pl\u012bts neliel\u0101 virtuv\u0113! Pl\u012bts Elegance ir apvelt\u012bta ar vienu ri\u0146\u0137i (2000w ) , nodro\u0161inot \u0101tru darb\u012bbu un ener\u0123ijas taup\u012bbu. Sader\u012bgs ar indukcijas virsm\u0101m draudz\u012bgiem traukiem, no 12-20cm diametr\u0101 lieliem. M\u016bsdien\u012bgs dizains &#8211; melns p\u0101rkl\u0101jums ar t\u0113rauda akcentiem! Ri\u0146\u0137im ir 6 karstuma iestat\u012bjumi, autom\u0101tiska trauka [&hellip;]<\/p>\n","protected":false},"featured_media":12463,"comment_status":"closed","ping_status":"closed","template":"","meta":{"inline_featured_image":false},"product_cat":[528],"product_tag":[],"yst_prominent_words":[],"class_list":{"0":"post-5584","1":"product","2":"type-product","3":"status-publish","4":"has-post-thumbnail","6":"product_cat-indukcijas-virsmas","8":"first","9":"outofstock","10":"taxable","11":"shipping-taxable","12":"purchasable","13":"product-type-simple"},"jetpack_sharing_enabled":true,"_links":{"self":[{"href":"https:\/\/ddt.lv\/ru\/wp-json\/wp\/v2\/product\/5584"}],"collection":[{"href":"https:\/\/ddt.lv\/ru\/wp-json\/wp\/v2\/product"}],"about":[{"href":"https:\/\/ddt.lv\/ru\/wp-json\/wp\/v2\/types\/product"}],"replies":[{"embeddable":true,"href":"https:\/\/ddt.lv\/ru\/wp-json\/wp\/v2\/comments?post=5584"}],"wp:featuredmedia":[{"embeddable":true,"href":"https:\/\/ddt.lv\/ru\/wp-json\/wp\/v2\/media\/12463"}],"wp:attachment":[{"href":"https:\/\/ddt.lv\/ru\/wp-json\/wp\/v2\/media?parent=5584"}],"wp:term":[{"taxonomy":"product_cat","embeddable":true,"href":"https:\/\/ddt.lv\/ru\/wp-json\/wp\/v2\/product_cat?post=5584"},{"taxonomy":"product_tag","embeddable":true,"href":"https:\/\/ddt.lv\/ru\/wp-json\/wp\/v2\/product_tag?post=5584"},{"taxonomy":"yst_prominent_words","embeddable":true,"href":"https:\/\/ddt.lv\/ru\/wp-json\/wp\/v2\/yst_prominent_words?post=5584"}],"curies":[{"name":"wp","href":"https:\/\/api.w.org\/{rel}","templated":true}]}}