{"id":5525,"date":"2019-10-28T08:36:12","date_gmt":"2019-10-28T06:36:12","guid":{"rendered":"https:\/\/ddt.lv\/product\/accu-baterija-ni-mh-d-10000mah-camelion-bl2\/"},"modified":"2026-04-01T00:07:28","modified_gmt":"2026-03-31T21:07:28","slug":"accu-baterija-ni-mh-d-10000mah-camelion-bl2","status":"publish","type":"product","link":"https:\/\/ddt.lv\/ru\/product\/accu-baterija-ni-mh-d-10000mah-camelion-bl2\/","title":{"rendered":"D \u0430\u043a\u043a\u0443\u043c\u0443\u043b\u044f\u0442\u043e\u0440\u043d\u044b\u0435 \u0431\u0430\u0442\u0430\u0440\u0435\u0438 Camelion NI-MH 10000mAh 2 \u0448\u0442."},"content":{"rendered":"<p>Jaud\u012bgas atk\u0101rtoti uzl\u0101d\u0113jamas baterijas no ra\u017eot\u0101ja Camelion! Lieliski piem\u0113rotas lieto\u0161anai m\u0101jas ier\u012bc\u0113s!<\/p>\n","protected":false},"excerpt":{"rendered":"<p>Jaud\u012bgas atk\u0101rtoti uzl\u0101d\u0113jamas baterijas no ra\u017eot\u0101ja Camelion! Lieliski piem\u0113rotas lieto\u0161anai m\u0101jas ier\u012bc\u0113s!<\/p>\n","protected":false},"featured_media":14780,"comment_status":"closed","ping_status":"closed","template":"","meta":{"inline_featured_image":false},"product_cat":[772,444],"product_tag":[],"yst_prominent_words":[],"class_list":{"0":"post-5525","1":"product","2":"type-product","3":"status-publish","4":"has-post-thumbnail","6":"product_cat-atlaides","7":"product_cat-d","9":"first","10":"outofstock","11":"sale","12":"taxable","13":"shipping-taxable","14":"purchasable","15":"product-type-simple"},"jetpack_sharing_enabled":true,"_links":{"self":[{"href":"https:\/\/ddt.lv\/ru\/wp-json\/wp\/v2\/product\/5525"}],"collection":[{"href":"https:\/\/ddt.lv\/ru\/wp-json\/wp\/v2\/product"}],"about":[{"href":"https:\/\/ddt.lv\/ru\/wp-json\/wp\/v2\/types\/product"}],"replies":[{"embeddable":true,"href":"https:\/\/ddt.lv\/ru\/wp-json\/wp\/v2\/comments?post=5525"}],"wp:featuredmedia":[{"embeddable":true,"href":"https:\/\/ddt.lv\/ru\/wp-json\/wp\/v2\/media\/14780"}],"wp:attachment":[{"href":"https:\/\/ddt.lv\/ru\/wp-json\/wp\/v2\/media?parent=5525"}],"wp:term":[{"taxonomy":"product_cat","embeddable":true,"href":"https:\/\/ddt.lv\/ru\/wp-json\/wp\/v2\/product_cat?post=5525"},{"taxonomy":"product_tag","embeddable":true,"href":"https:\/\/ddt.lv\/ru\/wp-json\/wp\/v2\/product_tag?post=5525"},{"taxonomy":"yst_prominent_words","embeddable":true,"href":"https:\/\/ddt.lv\/ru\/wp-json\/wp\/v2\/yst_prominent_words?post=5525"}],"curies":[{"name":"wp","href":"https:\/\/api.w.org\/{rel}","templated":true}]}}