{"id":5515,"date":"2019-10-28T08:36:10","date_gmt":"2019-10-28T06:36:10","guid":{"rendered":"https:\/\/ddt.lv\/product\/dur-lr54-2-v10ga-1-5v-baterija-electronics-alkaline-bl2\/"},"modified":"2026-04-01T00:07:26","modified_gmt":"2026-03-31T21:07:26","slug":"dur-lr54-2-v10ga-1-5v-baterija-electronics-alkaline-bl2","status":"publish","type":"product","link":"https:\/\/ddt.lv\/ru\/product\/dur-lr54-2-v10ga-1-5v-baterija-electronics-alkaline-bl2\/","title":{"rendered":"LR54 (V10GA) 1.5V \u0431\u0430\u0442\u0430\u0440\u0435\u0439\u043a\u0438 Duracell Electronics Alkaline 2\u0448\u0442."},"content":{"rendered":"<p>Uzticamas un ilgi kalpojo\u0161as baterijas no ra\u017eot\u0101ja Duracell, paredz\u0113tas maz\u0101m elektronikas ier\u012bc\u0113m!<\/p>\n","protected":false},"excerpt":{"rendered":"<p>Uzticamas un ilgi kalpojo\u0161as baterijas no ra\u017eot\u0101ja Duracell, paredz\u0113tas maz\u0101m elektronikas ier\u012bc\u0113m!<\/p>\n","protected":false},"featured_media":26409,"comment_status":"closed","ping_status":"closed","template":"","meta":{"inline_featured_image":false},"product_cat":[451],"product_tag":[],"yst_prominent_words":[],"class_list":{"0":"post-5515","1":"product","2":"type-product","3":"status-publish","4":"has-post-thumbnail","6":"product_cat-elektronics-baterijas","8":"first","9":"instock","10":"taxable","11":"shipping-taxable","12":"purchasable","13":"product-type-simple"},"jetpack_sharing_enabled":true,"_links":{"self":[{"href":"https:\/\/ddt.lv\/ru\/wp-json\/wp\/v2\/product\/5515"}],"collection":[{"href":"https:\/\/ddt.lv\/ru\/wp-json\/wp\/v2\/product"}],"about":[{"href":"https:\/\/ddt.lv\/ru\/wp-json\/wp\/v2\/types\/product"}],"replies":[{"embeddable":true,"href":"https:\/\/ddt.lv\/ru\/wp-json\/wp\/v2\/comments?post=5515"}],"wp:featuredmedia":[{"embeddable":true,"href":"https:\/\/ddt.lv\/ru\/wp-json\/wp\/v2\/media\/26409"}],"wp:attachment":[{"href":"https:\/\/ddt.lv\/ru\/wp-json\/wp\/v2\/media?parent=5515"}],"wp:term":[{"taxonomy":"product_cat","embeddable":true,"href":"https:\/\/ddt.lv\/ru\/wp-json\/wp\/v2\/product_cat?post=5515"},{"taxonomy":"product_tag","embeddable":true,"href":"https:\/\/ddt.lv\/ru\/wp-json\/wp\/v2\/product_tag?post=5515"},{"taxonomy":"yst_prominent_words","embeddable":true,"href":"https:\/\/ddt.lv\/ru\/wp-json\/wp\/v2\/yst_prominent_words?post=5515"}],"curies":[{"name":"wp","href":"https:\/\/api.w.org\/{rel}","templated":true}]}}