{"id":5463,"date":"2019-10-28T08:36:03","date_gmt":"2019-10-28T06:36:03","guid":{"rendered":"https:\/\/ddt.lv\/product\/dur-aa-4-turbo-max-baterija-alkaline\/"},"modified":"2026-04-08T14:27:09","modified_gmt":"2026-04-08T11:27:09","slug":"dur-aa-4-turbo-max-baterija-alkaline","status":"publish","type":"product","link":"https:\/\/ddt.lv\/ru\/product\/dur-aa-4-turbo-max-baterija-alkaline\/","title":{"rendered":"(Latvie\u0161u) DUR AA\/4 baterijas Duracell Turbo MAX Alkaline 4gb."},"content":{"rendered":"<p>Duracell Turbo &#8211; premium klases Alkaline baterijas, piem\u0113rotas ier\u012bc\u0113m ar lielu ener\u0123ijas pat\u0113ri\u0146u.<\/p>\n","protected":false},"excerpt":{"rendered":"<p>Duracell Turbo &#8211; premium klases Alkaline baterijas, piem\u0113rotas ier\u012bc\u0113m ar lielu ener\u0123ijas pat\u0113ri\u0146u.<\/p>\n","protected":false},"featured_media":7396,"comment_status":"closed","ping_status":"closed","template":"","meta":{"inline_featured_image":false},"product_cat":[441],"product_tag":[],"yst_prominent_words":[],"class_list":{"0":"post-5463","1":"product","2":"type-product","3":"status-publish","4":"has-post-thumbnail","6":"product_cat-aa","8":"first","9":"outofstock","10":"taxable","11":"shipping-taxable","12":"purchasable","13":"product-type-simple"},"jetpack_sharing_enabled":true,"_links":{"self":[{"href":"https:\/\/ddt.lv\/ru\/wp-json\/wp\/v2\/product\/5463"}],"collection":[{"href":"https:\/\/ddt.lv\/ru\/wp-json\/wp\/v2\/product"}],"about":[{"href":"https:\/\/ddt.lv\/ru\/wp-json\/wp\/v2\/types\/product"}],"replies":[{"embeddable":true,"href":"https:\/\/ddt.lv\/ru\/wp-json\/wp\/v2\/comments?post=5463"}],"wp:featuredmedia":[{"embeddable":true,"href":"https:\/\/ddt.lv\/ru\/wp-json\/wp\/v2\/media\/7396"}],"wp:attachment":[{"href":"https:\/\/ddt.lv\/ru\/wp-json\/wp\/v2\/media?parent=5463"}],"wp:term":[{"taxonomy":"product_cat","embeddable":true,"href":"https:\/\/ddt.lv\/ru\/wp-json\/wp\/v2\/product_cat?post=5463"},{"taxonomy":"product_tag","embeddable":true,"href":"https:\/\/ddt.lv\/ru\/wp-json\/wp\/v2\/product_tag?post=5463"},{"taxonomy":"yst_prominent_words","embeddable":true,"href":"https:\/\/ddt.lv\/ru\/wp-json\/wp\/v2\/yst_prominent_words?post=5463"}],"curies":[{"name":"wp","href":"https:\/\/api.w.org\/{rel}","templated":true}]}}