{"id":5380,"date":"2019-10-28T08:35:51","date_gmt":"2019-10-28T06:35:51","guid":{"rendered":"https:\/\/ddt.lv\/product\/dur-aaa-2-turbo-max-baterija-alkaline\/"},"modified":"2026-04-08T14:27:00","modified_gmt":"2026-04-08T11:27:00","slug":"dur-aaa-2-turbo-max-baterija-alkaline","status":"publish","type":"product","link":"https:\/\/ddt.lv\/ru\/product\/dur-aaa-2-turbo-max-baterija-alkaline\/","title":{"rendered":"DUR AAA\/2 \u0431\u0430\u0442\u0430\u0440\u0435\u0439\u043a\u0438 AAA Duracell Turbo MAX Alkaline 2 \u0448\u0442."},"content":{"rendered":"<p>Duracell Turbo &#8211; premium klases Alkaline baterijas, piem\u0113rotas ier\u012bc\u0113m ar lielu ener\u0123ijas pat\u0113ri\u0146u.<\/p>\n","protected":false},"excerpt":{"rendered":"<p>Duracell Turbo &#8211; premium klases Alkaline baterijas, piem\u0113rotas ier\u012bc\u0113m ar lielu ener\u0123ijas pat\u0113ri\u0146u.<\/p>\n","protected":false},"featured_media":7448,"comment_status":"closed","ping_status":"closed","template":"","meta":{"inline_featured_image":false},"product_cat":[442],"product_tag":[],"yst_prominent_words":[],"class_list":{"0":"post-5380","1":"product","2":"type-product","3":"status-publish","4":"has-post-thumbnail","6":"product_cat-aaa","8":"first","9":"instock","10":"taxable","11":"shipping-taxable","12":"purchasable","13":"product-type-simple"},"jetpack_sharing_enabled":true,"_links":{"self":[{"href":"https:\/\/ddt.lv\/ru\/wp-json\/wp\/v2\/product\/5380"}],"collection":[{"href":"https:\/\/ddt.lv\/ru\/wp-json\/wp\/v2\/product"}],"about":[{"href":"https:\/\/ddt.lv\/ru\/wp-json\/wp\/v2\/types\/product"}],"replies":[{"embeddable":true,"href":"https:\/\/ddt.lv\/ru\/wp-json\/wp\/v2\/comments?post=5380"}],"wp:featuredmedia":[{"embeddable":true,"href":"https:\/\/ddt.lv\/ru\/wp-json\/wp\/v2\/media\/7448"}],"wp:attachment":[{"href":"https:\/\/ddt.lv\/ru\/wp-json\/wp\/v2\/media?parent=5380"}],"wp:term":[{"taxonomy":"product_cat","embeddable":true,"href":"https:\/\/ddt.lv\/ru\/wp-json\/wp\/v2\/product_cat?post=5380"},{"taxonomy":"product_tag","embeddable":true,"href":"https:\/\/ddt.lv\/ru\/wp-json\/wp\/v2\/product_tag?post=5380"},{"taxonomy":"yst_prominent_words","embeddable":true,"href":"https:\/\/ddt.lv\/ru\/wp-json\/wp\/v2\/yst_prominent_words?post=5380"}],"curies":[{"name":"wp","href":"https:\/\/api.w.org\/{rel}","templated":true}]}}