{"id":5317,"date":"2019-10-28T08:35:41","date_gmt":"2019-10-28T06:35:41","guid":{"rendered":"https:\/\/ddt.lv\/product\/6103-4-aaa-baterija-profesional-lithium-varta\/"},"modified":"2026-04-13T09:46:46","modified_gmt":"2026-04-13T06:46:46","slug":"6103-4-aaa-baterija-profesional-lithium-varta","status":"publish","type":"product","link":"https:\/\/ddt.lv\/ru\/product\/6103-4-aaa-baterija-profesional-lithium-varta\/","title":{"rendered":"(Latvie\u0161u) 6103\/4 AAA baterijas litija VARTA Professional Lithium 4gb."},"content":{"rendered":"<p>Ultra lithium \u2013 Profesion\u0101ls ener\u0123ijas avots ekstrem\u0101liem apst\u0101k\u013ciem. Nez\u016bdo\u0161s str\u0101vas daudzums un notur\u012bba pat -40 gr\u0101dos. Lieliski piem\u0113rotas lieto\u0161anai r\u0101cij\u0101s, fotokameru zibspuldz\u0113s, med\u012bbu apr\u012bkojum\u0101, un cit\u0101s ier\u012bc\u0113s ar lielu str\u0101vas pat\u0113ri\u0146u un lieto\u0161anu \u0101rpus m\u0101j\u0101m, jebkuros laikapst\u0101k\u013cos.<\/p>\n","protected":false},"excerpt":{"rendered":"<p>Ultra lithium \u2013 Profesion\u0101ls ener\u0123ijas avots ekstrem\u0101liem apst\u0101k\u013ciem. Nez\u016bdo\u0161s str\u0101vas daudzums un notur\u012bba pat -40 gr\u0101dos. Lieliski piem\u0113rotas lieto\u0161anai r\u0101cij\u0101s, fotokameru zibspuldz\u0113s, med\u012bbu apr\u012bkojum\u0101, un cit\u0101s ier\u012bc\u0113s ar lielu str\u0101vas pat\u0113ri\u0146u un lieto\u0161anu \u0101rpus m\u0101j\u0101m, jebkuros laikapst\u0101k\u013cos.<\/p>\n","protected":false},"featured_media":7453,"comment_status":"closed","ping_status":"closed","template":"","meta":{"inline_featured_image":false},"product_cat":[442],"product_tag":[],"yst_prominent_words":[],"class_list":{"0":"post-5317","1":"product","2":"type-product","3":"status-publish","4":"has-post-thumbnail","6":"product_cat-aaa","8":"first","9":"instock","10":"taxable","11":"shipping-taxable","12":"purchasable","13":"product-type-simple"},"jetpack_sharing_enabled":true,"_links":{"self":[{"href":"https:\/\/ddt.lv\/ru\/wp-json\/wp\/v2\/product\/5317"}],"collection":[{"href":"https:\/\/ddt.lv\/ru\/wp-json\/wp\/v2\/product"}],"about":[{"href":"https:\/\/ddt.lv\/ru\/wp-json\/wp\/v2\/types\/product"}],"replies":[{"embeddable":true,"href":"https:\/\/ddt.lv\/ru\/wp-json\/wp\/v2\/comments?post=5317"}],"wp:featuredmedia":[{"embeddable":true,"href":"https:\/\/ddt.lv\/ru\/wp-json\/wp\/v2\/media\/7453"}],"wp:attachment":[{"href":"https:\/\/ddt.lv\/ru\/wp-json\/wp\/v2\/media?parent=5317"}],"wp:term":[{"taxonomy":"product_cat","embeddable":true,"href":"https:\/\/ddt.lv\/ru\/wp-json\/wp\/v2\/product_cat?post=5317"},{"taxonomy":"product_tag","embeddable":true,"href":"https:\/\/ddt.lv\/ru\/wp-json\/wp\/v2\/product_tag?post=5317"},{"taxonomy":"yst_prominent_words","embeddable":true,"href":"https:\/\/ddt.lv\/ru\/wp-json\/wp\/v2\/yst_prominent_words?post=5317"}],"curies":[{"name":"wp","href":"https:\/\/api.w.org\/{rel}","templated":true}]}}