{"id":5243,"date":"2019-10-28T08:35:31","date_gmt":"2019-10-28T06:35:31","guid":{"rendered":"https:\/\/ddt.lv\/product\/dur-aa-4-base-baterija-alkaline\/"},"modified":"2026-04-02T09:55:22","modified_gmt":"2026-04-02T06:55:22","slug":"dur-aa-4-base-baterija-alkaline","status":"publish","type":"product","link":"https:\/\/ddt.lv\/ru\/product\/dur-aa-4-base-baterija-alkaline\/","title":{"rendered":"\u0411\u0430\u0442\u0430\u0440\u0435\u0439\u043a\u0438 DUR AA \/ 4 \u0429\u0435\u043b\u043e\u0447\u043d\u044b\u0435 4\u0448\u0442.DURACELL"},"content":{"rendered":"<p>Duracell Basic \u2013 \u0161\u012b bateriju s\u0113rija izveidota lai nodro\u0161in\u0101tu ar nepiecie\u0161amo ener\u0123iju visas m\u0101jas ier\u012bces.<\/p>\n","protected":false},"excerpt":{"rendered":"<p>Duracell Basic \u2013 \u0161\u012b bateriju s\u0113rija izveidota lai nodro\u0161in\u0101tu ar nepiecie\u0161amo ener\u0123iju visas m\u0101jas ier\u012bces.<\/p>\n","protected":false},"featured_media":26403,"comment_status":"closed","ping_status":"closed","template":"","meta":{"inline_featured_image":false},"product_cat":[772,441],"product_tag":[],"yst_prominent_words":[],"class_list":{"0":"post-5243","1":"product","2":"type-product","3":"status-publish","4":"has-post-thumbnail","6":"product_cat-atlaides","7":"product_cat-aa","9":"first","10":"instock","11":"sale","12":"taxable","13":"shipping-taxable","14":"purchasable","15":"product-type-simple"},"jetpack_sharing_enabled":true,"_links":{"self":[{"href":"https:\/\/ddt.lv\/ru\/wp-json\/wp\/v2\/product\/5243"}],"collection":[{"href":"https:\/\/ddt.lv\/ru\/wp-json\/wp\/v2\/product"}],"about":[{"href":"https:\/\/ddt.lv\/ru\/wp-json\/wp\/v2\/types\/product"}],"replies":[{"embeddable":true,"href":"https:\/\/ddt.lv\/ru\/wp-json\/wp\/v2\/comments?post=5243"}],"wp:featuredmedia":[{"embeddable":true,"href":"https:\/\/ddt.lv\/ru\/wp-json\/wp\/v2\/media\/26403"}],"wp:attachment":[{"href":"https:\/\/ddt.lv\/ru\/wp-json\/wp\/v2\/media?parent=5243"}],"wp:term":[{"taxonomy":"product_cat","embeddable":true,"href":"https:\/\/ddt.lv\/ru\/wp-json\/wp\/v2\/product_cat?post=5243"},{"taxonomy":"product_tag","embeddable":true,"href":"https:\/\/ddt.lv\/ru\/wp-json\/wp\/v2\/product_tag?post=5243"},{"taxonomy":"yst_prominent_words","embeddable":true,"href":"https:\/\/ddt.lv\/ru\/wp-json\/wp\/v2\/yst_prominent_words?post=5243"}],"curies":[{"name":"wp","href":"https:\/\/api.w.org\/{rel}","templated":true}]}}