{"id":5163,"date":"2019-10-28T08:35:20","date_gmt":"2019-10-28T06:35:20","guid":{"rendered":"https:\/\/ddt.lv\/product\/v4034px-baterija-electronics-alkaline-6v-varta\/"},"modified":"2026-04-01T00:06:18","modified_gmt":"2026-03-31T21:06:18","slug":"v4034px-baterija-electronics-alkaline-6v-varta","status":"publish","type":"product","link":"https:\/\/ddt.lv\/ru\/product\/v4034px-baterija-electronics-alkaline-6v-varta\/","title":{"rendered":"V4034PX 4LR44  LR1325 \u0411\u0430\u0442\u0430\u0440\u0435\u044f 6\u0412 VARTA Electronics Alkaline 1\u0448\u0442."},"content":{"rendered":"<p>Uzticamas un ilgi kalpojo\u0161as baterijas no ra\u017eot\u0101ja Varta, paredz\u0113tas maz\u0101m elektronikas ier\u012bc\u0113m!<\/p>\n","protected":false},"excerpt":{"rendered":"<p>Uzticamas un ilgi kalpojo\u0161as baterijas no ra\u017eot\u0101ja Varta, paredz\u0113tas maz\u0101m elektronikas ier\u012bc\u0113m!<\/p>\n","protected":false},"featured_media":14743,"comment_status":"closed","ping_status":"closed","template":"","meta":{"inline_featured_image":false},"product_cat":[772,451],"product_tag":[],"yst_prominent_words":[],"class_list":{"0":"post-5163","1":"product","2":"type-product","3":"status-publish","4":"has-post-thumbnail","6":"product_cat-atlaides","7":"product_cat-elektronics-baterijas","9":"first","10":"instock","11":"sale","12":"taxable","13":"shipping-taxable","14":"purchasable","15":"product-type-simple"},"jetpack_sharing_enabled":true,"_links":{"self":[{"href":"https:\/\/ddt.lv\/ru\/wp-json\/wp\/v2\/product\/5163"}],"collection":[{"href":"https:\/\/ddt.lv\/ru\/wp-json\/wp\/v2\/product"}],"about":[{"href":"https:\/\/ddt.lv\/ru\/wp-json\/wp\/v2\/types\/product"}],"replies":[{"embeddable":true,"href":"https:\/\/ddt.lv\/ru\/wp-json\/wp\/v2\/comments?post=5163"}],"wp:featuredmedia":[{"embeddable":true,"href":"https:\/\/ddt.lv\/ru\/wp-json\/wp\/v2\/media\/14743"}],"wp:attachment":[{"href":"https:\/\/ddt.lv\/ru\/wp-json\/wp\/v2\/media?parent=5163"}],"wp:term":[{"taxonomy":"product_cat","embeddable":true,"href":"https:\/\/ddt.lv\/ru\/wp-json\/wp\/v2\/product_cat?post=5163"},{"taxonomy":"product_tag","embeddable":true,"href":"https:\/\/ddt.lv\/ru\/wp-json\/wp\/v2\/product_tag?post=5163"},{"taxonomy":"yst_prominent_words","embeddable":true,"href":"https:\/\/ddt.lv\/ru\/wp-json\/wp\/v2\/yst_prominent_words?post=5163"}],"curies":[{"name":"wp","href":"https:\/\/api.w.org\/{rel}","templated":true}]}}