{"id":5149,"date":"2019-10-28T08:35:18","date_gmt":"2019-10-28T06:35:18","guid":{"rendered":"https:\/\/ddt.lv\/product\/4912-1-4-5v-baterija-high-energy-spo-alkaline-varta\/"},"modified":"2026-04-22T08:26:36","modified_gmt":"2026-04-22T05:26:36","slug":"4912-1-4-5v-baterija-high-energy-spo-alkaline-varta","status":"publish","type":"product","link":"https:\/\/ddt.lv\/ru\/product\/4912-1-4-5v-baterija-high-energy-spo-alkaline-varta\/","title":{"rendered":"4912\/1 \u0411\u0430\u0442\u0430\u0440\u0435\u044f 4,5 \u0412 VARTA Longlife Power Alkaline 1 \u0448\u0442."},"content":{"rendered":"<p>High energy \u2013 Apjom\u012bga ener\u0123ijas deva ilgsto\u0161as,past\u0101v\u012bgas jaudas izsalku\u0161\u0101m ier\u012bc\u0113m, piem\u0113ram, bezvadu datorpel\u0113m, rota\u013cliet\u0101m, kabatas lukturiem.<\/p>","protected":false},"excerpt":{"rendered":"<p>High energy \u2013 Apjom\u012bga ener\u0123ijas deva ilgsto\u0161as,past\u0101v\u012bgas jaudas izsalku\u0161\u0101m ier\u012bc\u0113m, piem\u0113ram, bezvadu datorpel\u0113m, rota\u013cliet\u0101m, kabatas lukturiem.<\/p>\n","protected":false},"featured_media":33991,"comment_status":"closed","ping_status":"closed","template":"","meta":{"inline_featured_image":false},"product_cat":[772,445],"product_tag":[],"yst_prominent_words":[],"class_list":{"0":"post-5149","1":"product","2":"type-product","3":"status-publish","4":"has-post-thumbnail","6":"product_cat-atlaides","7":"product_cat-4-5v","9":"first","10":"instock","11":"sale","12":"taxable","13":"shipping-taxable","14":"purchasable","15":"product-type-simple"},"jetpack_sharing_enabled":true,"_links":{"self":[{"href":"https:\/\/ddt.lv\/ru\/wp-json\/wp\/v2\/product\/5149"}],"collection":[{"href":"https:\/\/ddt.lv\/ru\/wp-json\/wp\/v2\/product"}],"about":[{"href":"https:\/\/ddt.lv\/ru\/wp-json\/wp\/v2\/types\/product"}],"replies":[{"embeddable":true,"href":"https:\/\/ddt.lv\/ru\/wp-json\/wp\/v2\/comments?post=5149"}],"wp:featuredmedia":[{"embeddable":true,"href":"https:\/\/ddt.lv\/ru\/wp-json\/wp\/v2\/media\/33991"}],"wp:attachment":[{"href":"https:\/\/ddt.lv\/ru\/wp-json\/wp\/v2\/media?parent=5149"}],"wp:term":[{"taxonomy":"product_cat","embeddable":true,"href":"https:\/\/ddt.lv\/ru\/wp-json\/wp\/v2\/product_cat?post=5149"},{"taxonomy":"product_tag","embeddable":true,"href":"https:\/\/ddt.lv\/ru\/wp-json\/wp\/v2\/product_tag?post=5149"},{"taxonomy":"yst_prominent_words","embeddable":true,"href":"https:\/\/ddt.lv\/ru\/wp-json\/wp\/v2\/yst_prominent_words?post=5149"}],"curies":[{"name":"wp","href":"https:\/\/api.w.org\/{rel}","templated":true}]}}