{"id":5118,"date":"2019-10-28T08:35:15","date_gmt":"2019-10-28T06:35:15","guid":{"rendered":"https:\/\/ddt.lv\/product\/cr2-baterija-litijs-foto-3v-varta-bl1\/"},"modified":"2026-04-06T10:46:07","modified_gmt":"2026-04-06T07:46:07","slug":"cr2-baterija-litijs-foto-3v-varta-bl1","status":"publish","type":"product","link":"https:\/\/ddt.lv\/ru\/product\/cr2-baterija-litijs-foto-3v-varta-bl1\/","title":{"rendered":"CR2 \u0411\u0430\u0442\u0430\u0440\u0435\u0439\u043a\u0430 \u043b\u0438\u0442\u0438\u0435\u0432\u0430\u044f VARTA Photo Lithium 3V 1\u0448\u0442."},"content":{"rendered":"<p>Uzticamas, ilgi kalpojo\u0161as litija baterijas no ra\u017eot\u0101ja Varta. Nodro\u0161ina lielu jaudu \u012bs\u0101 mirkl\u012b. Lieliski piem\u0113rotas m\u016bsdienu viedaj\u0101m m\u0101j\u0101m, dro\u0161\u012bbam ier\u012bc\u0113m, foto apr\u012bkojumam, zibspuldz\u0113m un cit\u0101m iek\u0101rt\u0101m.<\/p>\n","protected":false},"excerpt":{"rendered":"<p>Uzticamas, ilgi kalpojo\u0161as litija baterijas no ra\u017eot\u0101ja Varta. Nodro\u0161ina lielu jaudu \u012bs\u0101 mirkl\u012b. Lieliski piem\u0113rotas m\u016bsdienu viedaj\u0101m m\u0101j\u0101m, dro\u0161\u012bbam ier\u012bc\u0113m, foto apr\u012bkojumam, zibspuldz\u0113m un cit\u0101m iek\u0101rt\u0101m.<\/p>\n","protected":false},"featured_media":33999,"comment_status":"closed","ping_status":"closed","template":"","meta":{"inline_featured_image":false},"product_cat":[449],"product_tag":[],"yst_prominent_words":[],"class_list":{"0":"post-5118","1":"product","2":"type-product","3":"status-publish","4":"has-post-thumbnail","6":"product_cat-foto-litijs","8":"first","9":"instock","10":"taxable","11":"shipping-taxable","12":"purchasable","13":"product-type-simple"},"jetpack_sharing_enabled":true,"_links":{"self":[{"href":"https:\/\/ddt.lv\/ru\/wp-json\/wp\/v2\/product\/5118"}],"collection":[{"href":"https:\/\/ddt.lv\/ru\/wp-json\/wp\/v2\/product"}],"about":[{"href":"https:\/\/ddt.lv\/ru\/wp-json\/wp\/v2\/types\/product"}],"replies":[{"embeddable":true,"href":"https:\/\/ddt.lv\/ru\/wp-json\/wp\/v2\/comments?post=5118"}],"wp:featuredmedia":[{"embeddable":true,"href":"https:\/\/ddt.lv\/ru\/wp-json\/wp\/v2\/media\/33999"}],"wp:attachment":[{"href":"https:\/\/ddt.lv\/ru\/wp-json\/wp\/v2\/media?parent=5118"}],"wp:term":[{"taxonomy":"product_cat","embeddable":true,"href":"https:\/\/ddt.lv\/ru\/wp-json\/wp\/v2\/product_cat?post=5118"},{"taxonomy":"product_tag","embeddable":true,"href":"https:\/\/ddt.lv\/ru\/wp-json\/wp\/v2\/product_tag?post=5118"},{"taxonomy":"yst_prominent_words","embeddable":true,"href":"https:\/\/ddt.lv\/ru\/wp-json\/wp\/v2\/yst_prominent_words?post=5118"}],"curies":[{"name":"wp","href":"https:\/\/api.w.org\/{rel}","templated":true}]}}