{"id":5114,"date":"2019-10-28T08:35:14","date_gmt":"2019-10-28T06:35:14","guid":{"rendered":"https:\/\/ddt.lv\/product\/v23ga-baterija-electronics-alkaline-12v-varta-bl1\/"},"modified":"2026-04-02T12:30:34","modified_gmt":"2026-04-02T09:30:34","slug":"v23ga-baterija-electronics-alkaline-12v-varta-bl1","status":"publish","type":"product","link":"https:\/\/ddt.lv\/ru\/product\/v23ga-baterija-electronics-alkaline-12v-varta-bl1\/","title":{"rendered":"V23GA \u0411\u0430\u0442\u0430\u0440\u0435\u044f 12\u0412 VARTA Electronics Alkaline 1 \u0448\u0442."},"content":{"rendered":"<p>Uzticamas un ilgi kalpojo\u0161as baterijas no ra\u017eot\u0101ja Varta, paredz\u0113tas maz\u0101m elektronikas ier\u012bc\u0113m!<\/p>\n","protected":false},"excerpt":{"rendered":"<p>Uzticamas un ilgi kalpojo\u0161as baterijas no ra\u017eot\u0101ja Varta, paredz\u0113tas maz\u0101m elektronikas ier\u012bc\u0113m!<\/p>\n","protected":false},"featured_media":14749,"comment_status":"closed","ping_status":"closed","template":"","meta":{"inline_featured_image":false},"product_cat":[772,451],"product_tag":[],"yst_prominent_words":[],"class_list":{"0":"post-5114","1":"product","2":"type-product","3":"status-publish","4":"has-post-thumbnail","6":"product_cat-atlaides","7":"product_cat-elektronics-baterijas","9":"first","10":"instock","11":"sale","12":"taxable","13":"shipping-taxable","14":"purchasable","15":"product-type-simple"},"jetpack_sharing_enabled":true,"_links":{"self":[{"href":"https:\/\/ddt.lv\/ru\/wp-json\/wp\/v2\/product\/5114"}],"collection":[{"href":"https:\/\/ddt.lv\/ru\/wp-json\/wp\/v2\/product"}],"about":[{"href":"https:\/\/ddt.lv\/ru\/wp-json\/wp\/v2\/types\/product"}],"replies":[{"embeddable":true,"href":"https:\/\/ddt.lv\/ru\/wp-json\/wp\/v2\/comments?post=5114"}],"wp:featuredmedia":[{"embeddable":true,"href":"https:\/\/ddt.lv\/ru\/wp-json\/wp\/v2\/media\/14749"}],"wp:attachment":[{"href":"https:\/\/ddt.lv\/ru\/wp-json\/wp\/v2\/media?parent=5114"}],"wp:term":[{"taxonomy":"product_cat","embeddable":true,"href":"https:\/\/ddt.lv\/ru\/wp-json\/wp\/v2\/product_cat?post=5114"},{"taxonomy":"product_tag","embeddable":true,"href":"https:\/\/ddt.lv\/ru\/wp-json\/wp\/v2\/product_tag?post=5114"},{"taxonomy":"yst_prominent_words","embeddable":true,"href":"https:\/\/ddt.lv\/ru\/wp-json\/wp\/v2\/yst_prominent_words?post=5114"}],"curies":[{"name":"wp","href":"https:\/\/api.w.org\/{rel}","templated":true}]}}