{"id":5090,"date":"2019-10-28T08:35:12","date_gmt":"2019-10-28T06:35:12","guid":{"rendered":"https:\/\/ddt.lv\/product\/4022-1-9v-baterija-industrial-single-20-varta\/"},"modified":"2026-04-08T14:27:55","modified_gmt":"2026-04-08T11:27:55","slug":"4022-1-9v-baterija-industrial-single-20-varta","status":"publish","type":"product","link":"https:\/\/ddt.lv\/ru\/product\/4022-1-9v-baterija-industrial-single-20-varta\/","title":{"rendered":"4022\/1 \u0411\u0430\u0442\u0430\u0440\u0435\u044f 9\u0412 VARTA Industrial Alkaline SINGLE 20 1\u0448\u0442."},"content":{"rendered":"<p>Industrial s\u0113rija ir \u012bpa\u0161i piem\u0113rota gala pat\u0113r\u0113t\u0101jiem &#8211; r\u016bpn\u012bc\u0101m, pulkste\u0146u darbn\u012bc\u0101m, laboratorij\u0101m.<\/p>\n<p>Sp\u0113c\u012bg\u0101 Alkaline \u0137\u012bmisk\u0101 sist\u0113ma par l\u0113t\u0101ku cenu, jo tiek ekonom\u0113ts uz tirdzniec\u012bbai paredz\u0113tiem izejmateri\u0101liem &#8211; iepakojumu un apdruku.<\/p>","protected":false},"excerpt":{"rendered":"<p>Industrial s\u0113rija ir \u012bpa\u0161i piem\u0113rota gala pat\u0113r\u0113t\u0101jiem &#8211; r\u016bpn\u012bc\u0101m, pulkste\u0146u darbn\u012bc\u0101m, laboratorij\u0101m. Sp\u0113c\u012bg\u0101 Alkaline \u0137\u012bmisk\u0101 sist\u0113ma par l\u0113t\u0101ku cenu, jo tiek ekonom\u0113ts uz tirdzniec\u012bbai paredz\u0113tiem izejmateri\u0101liem &#8211; iepakojumu un apdruku.<\/p>\n","protected":false},"featured_media":33992,"comment_status":"closed","ping_status":"closed","template":"","meta":{"inline_featured_image":false},"product_cat":[446],"product_tag":[],"yst_prominent_words":[],"class_list":{"0":"post-5090","1":"product","2":"type-product","3":"status-publish","4":"has-post-thumbnail","6":"product_cat-9v","8":"first","9":"instock","10":"taxable","11":"shipping-taxable","12":"purchasable","13":"product-type-simple"},"jetpack_sharing_enabled":true,"_links":{"self":[{"href":"https:\/\/ddt.lv\/ru\/wp-json\/wp\/v2\/product\/5090"}],"collection":[{"href":"https:\/\/ddt.lv\/ru\/wp-json\/wp\/v2\/product"}],"about":[{"href":"https:\/\/ddt.lv\/ru\/wp-json\/wp\/v2\/types\/product"}],"replies":[{"embeddable":true,"href":"https:\/\/ddt.lv\/ru\/wp-json\/wp\/v2\/comments?post=5090"}],"wp:featuredmedia":[{"embeddable":true,"href":"https:\/\/ddt.lv\/ru\/wp-json\/wp\/v2\/media\/33992"}],"wp:attachment":[{"href":"https:\/\/ddt.lv\/ru\/wp-json\/wp\/v2\/media?parent=5090"}],"wp:term":[{"taxonomy":"product_cat","embeddable":true,"href":"https:\/\/ddt.lv\/ru\/wp-json\/wp\/v2\/product_cat?post=5090"},{"taxonomy":"product_tag","embeddable":true,"href":"https:\/\/ddt.lv\/ru\/wp-json\/wp\/v2\/product_tag?post=5090"},{"taxonomy":"yst_prominent_words","embeddable":true,"href":"https:\/\/ddt.lv\/ru\/wp-json\/wp\/v2\/yst_prominent_words?post=5090"}],"curies":[{"name":"wp","href":"https:\/\/api.w.org\/{rel}","templated":true}]}}