{"id":5075,"date":"2019-10-25T16:36:02","date_gmt":"2019-10-25T13:36:02","guid":{"rendered":"https:\/\/ddt.lv\/product\/102022-1-9v-baterija-superlife-varta\/"},"modified":"2026-04-09T13:15:34","modified_gmt":"2026-04-09T10:15:34","slug":"102022-1-9v-baterija-superlife-varta","status":"publish","type":"product","link":"https:\/\/ddt.lv\/ru\/product\/102022-1-9v-baterija-superlife-varta\/","title":{"rendered":"102022\/1 \u0411\u0430\u0442\u0430\u0440\u0435\u044f 9\u0412 VARTA Superlife 1 \u0448\u0442. \u0446\u0438\u043d\u043a"},"content":{"rendered":"<p>Superlife \u2013 Uzticams ener\u0123ijas avots, piem\u0113rots ier\u012bc\u0113m ar mazu ener\u0123ijas pat\u0113ri\u0146u.<\/p>\n","protected":false},"excerpt":{"rendered":"<p>Superlife \u2013 Uzticams ener\u0123ijas avots, piem\u0113rots ier\u012bc\u0113m ar mazu ener\u0123ijas pat\u0113ri\u0146u.<\/p>\n","protected":false},"featured_media":33994,"comment_status":"closed","ping_status":"closed","template":"","meta":{"inline_featured_image":false},"product_cat":[446],"product_tag":[],"yst_prominent_words":[],"class_list":{"0":"post-5075","1":"product","2":"type-product","3":"status-publish","4":"has-post-thumbnail","6":"product_cat-9v","8":"first","9":"instock","10":"taxable","11":"shipping-taxable","12":"purchasable","13":"product-type-simple"},"jetpack_sharing_enabled":true,"_links":{"self":[{"href":"https:\/\/ddt.lv\/ru\/wp-json\/wp\/v2\/product\/5075"}],"collection":[{"href":"https:\/\/ddt.lv\/ru\/wp-json\/wp\/v2\/product"}],"about":[{"href":"https:\/\/ddt.lv\/ru\/wp-json\/wp\/v2\/types\/product"}],"replies":[{"embeddable":true,"href":"https:\/\/ddt.lv\/ru\/wp-json\/wp\/v2\/comments?post=5075"}],"wp:featuredmedia":[{"embeddable":true,"href":"https:\/\/ddt.lv\/ru\/wp-json\/wp\/v2\/media\/33994"}],"wp:attachment":[{"href":"https:\/\/ddt.lv\/ru\/wp-json\/wp\/v2\/media?parent=5075"}],"wp:term":[{"taxonomy":"product_cat","embeddable":true,"href":"https:\/\/ddt.lv\/ru\/wp-json\/wp\/v2\/product_cat?post=5075"},{"taxonomy":"product_tag","embeddable":true,"href":"https:\/\/ddt.lv\/ru\/wp-json\/wp\/v2\/product_tag?post=5075"},{"taxonomy":"yst_prominent_words","embeddable":true,"href":"https:\/\/ddt.lv\/ru\/wp-json\/wp\/v2\/yst_prominent_words?post=5075"}],"curies":[{"name":"wp","href":"https:\/\/api.w.org\/{rel}","templated":true}]}}