{"id":5073,"date":"2019-10-25T16:36:01","date_gmt":"2019-10-25T13:36:01","guid":{"rendered":"https:\/\/ddt.lv\/product\/4122-1-9v-baterija-energy-alkaline-varta\/"},"modified":"2026-04-16T10:30:22","modified_gmt":"2026-04-16T07:30:22","slug":"4122-1-9v-baterija-energy-alkaline-varta","status":"publish","type":"product","link":"https:\/\/ddt.lv\/ru\/product\/4122-1-9v-baterija-energy-alkaline-varta\/","title":{"rendered":"4122\/1 \u0411\u0430\u0442\u0430\u0440\u0435\u044f 9\u0412 VARTA Energy Alkaline 1 \u0448\u0442."},"content":{"rendered":"<p>Energy \u2013 Standarta Alkaline bateriju s\u0113rija, lieliski piem\u0113rota ikdienas vajadz\u012bbam, piem\u0113ram, TV pult\u012bm, sienas pulkste\u0146iem.<\/p>\n<p>&nbsp;<\/p>\n<p>\u0112rts iepakojums, no kura baterijas iesp\u0113jams iz\u0146emt pa vienai, t\u0101d\u0113j\u0101di nodro\u0161inot \u0113rtu bateriju uzglab\u0101\u0161anu. Bateriju termi\u0146\u0161 nor\u0101d\u012bts uz katras baterijas atsevi\u0161\u0137i.<\/p>","protected":false},"excerpt":{"rendered":"<p>Energy \u2013 Standarta Alkaline bateriju s\u0113rija, lieliski piem\u0113rota ikdienas vajadz\u012bbam, piem\u0113ram, TV pult\u012bm, sienas pulkste\u0146iem. &nbsp; \u0112rts iepakojums, no kura baterijas iesp\u0113jams iz\u0146emt pa vienai, t\u0101d\u0113j\u0101di nodro\u0161inot \u0113rtu bateriju uzglab\u0101\u0161anu. Bateriju termi\u0146\u0161 nor\u0101d\u012bts uz katras baterijas atsevi\u0161\u0137i.<\/p>\n","protected":false},"featured_media":33995,"comment_status":"closed","ping_status":"closed","template":"","meta":{"inline_featured_image":false},"product_cat":[772,446],"product_tag":[],"yst_prominent_words":[],"class_list":{"0":"post-5073","1":"product","2":"type-product","3":"status-publish","4":"has-post-thumbnail","6":"product_cat-atlaides","7":"product_cat-9v","9":"first","10":"instock","11":"sale","12":"taxable","13":"shipping-taxable","14":"purchasable","15":"product-type-simple"},"jetpack_sharing_enabled":true,"_links":{"self":[{"href":"https:\/\/ddt.lv\/ru\/wp-json\/wp\/v2\/product\/5073"}],"collection":[{"href":"https:\/\/ddt.lv\/ru\/wp-json\/wp\/v2\/product"}],"about":[{"href":"https:\/\/ddt.lv\/ru\/wp-json\/wp\/v2\/types\/product"}],"replies":[{"embeddable":true,"href":"https:\/\/ddt.lv\/ru\/wp-json\/wp\/v2\/comments?post=5073"}],"wp:featuredmedia":[{"embeddable":true,"href":"https:\/\/ddt.lv\/ru\/wp-json\/wp\/v2\/media\/33995"}],"wp:attachment":[{"href":"https:\/\/ddt.lv\/ru\/wp-json\/wp\/v2\/media?parent=5073"}],"wp:term":[{"taxonomy":"product_cat","embeddable":true,"href":"https:\/\/ddt.lv\/ru\/wp-json\/wp\/v2\/product_cat?post=5073"},{"taxonomy":"product_tag","embeddable":true,"href":"https:\/\/ddt.lv\/ru\/wp-json\/wp\/v2\/product_tag?post=5073"},{"taxonomy":"yst_prominent_words","embeddable":true,"href":"https:\/\/ddt.lv\/ru\/wp-json\/wp\/v2\/yst_prominent_words?post=5073"}],"curies":[{"name":"wp","href":"https:\/\/api.w.org\/{rel}","templated":true}]}}