{"id":5059,"date":"2019-10-25T16:36:00","date_gmt":"2019-10-25T13:36:00","guid":{"rendered":"https:\/\/ddt.lv\/product\/blenderis-multi-12l-350w-unold\/"},"modified":"2026-04-08T14:36:32","modified_gmt":"2026-04-08T11:36:32","slug":"blenderis-multi-12l-350w-unold","status":"publish","type":"product","link":"https:\/\/ddt.lv\/ru\/product\/blenderis-multi-12l-350w-unold\/","title":{"rendered":"(Latvie\u0161u) Blenderis\/Virtuves griez\u0113js MULTI 1,2L 350W UNOLD"},"content":{"rendered":"<p>Virtuves d\u0113l\u012btis un nazis virtuv\u0113 nav nepiecie\u0161ams, ja ir blenderis Multi!<\/p>\n<p>Tas sagrie\u017e, sasmalcina vai sajauc vair\u0101kas sast\u0101vda\u013cas vienm\u0113r\u012bg\u0101 veid\u0101, ietaupot J\u016bsu laiku.<\/p>\n<p>Stikla trauka tilpums &#8211; aptuveni 1.2l, divi dubultie t\u0113rauda asme\u0146i.<\/p>\n<p>\u0112rti izjaucams, padarot t\u012br\u012b\u0161anu vienk\u0101r\u0161u.<\/p>\n","protected":false},"excerpt":{"rendered":"<p>Virtuves d\u0113l\u012btis un nazis virtuv\u0113 nav nepiecie\u0161ams, ja ir blenderis Multi! Tas sagrie\u017e, sasmalcina vai sajauc vair\u0101kas sast\u0101vda\u013cas vienm\u0113r\u012bg\u0101 veid\u0101, ietaupot J\u016bsu laiku. Stikla trauka tilpums &#8211; aptuveni 1.2l, divi dubultie t\u0113rauda asme\u0146i. \u0112rti izjaucams, padarot t\u012br\u012b\u0161anu vienk\u0101r\u0161u.<\/p>\n","protected":false},"featured_media":12483,"comment_status":"closed","ping_status":"closed","template":"","meta":{"inline_featured_image":false},"product_cat":[535],"product_tag":[],"yst_prominent_words":[],"class_list":{"0":"post-5059","1":"product","2":"type-product","3":"status-publish","4":"has-post-thumbnail","6":"product_cat-blenderimikserisulasspiedes","8":"first","9":"outofstock","10":"taxable","11":"shipping-taxable","12":"purchasable","13":"product-type-simple"},"jetpack_sharing_enabled":true,"_links":{"self":[{"href":"https:\/\/ddt.lv\/ru\/wp-json\/wp\/v2\/product\/5059"}],"collection":[{"href":"https:\/\/ddt.lv\/ru\/wp-json\/wp\/v2\/product"}],"about":[{"href":"https:\/\/ddt.lv\/ru\/wp-json\/wp\/v2\/types\/product"}],"replies":[{"embeddable":true,"href":"https:\/\/ddt.lv\/ru\/wp-json\/wp\/v2\/comments?post=5059"}],"wp:featuredmedia":[{"embeddable":true,"href":"https:\/\/ddt.lv\/ru\/wp-json\/wp\/v2\/media\/12483"}],"wp:attachment":[{"href":"https:\/\/ddt.lv\/ru\/wp-json\/wp\/v2\/media?parent=5059"}],"wp:term":[{"taxonomy":"product_cat","embeddable":true,"href":"https:\/\/ddt.lv\/ru\/wp-json\/wp\/v2\/product_cat?post=5059"},{"taxonomy":"product_tag","embeddable":true,"href":"https:\/\/ddt.lv\/ru\/wp-json\/wp\/v2\/product_tag?post=5059"},{"taxonomy":"yst_prominent_words","embeddable":true,"href":"https:\/\/ddt.lv\/ru\/wp-json\/wp\/v2\/yst_prominent_words?post=5059"}],"curies":[{"name":"wp","href":"https:\/\/api.w.org\/{rel}","templated":true}]}}