{"id":40960,"date":"2025-03-20T12:47:44","date_gmt":"2025-03-20T10:47:44","guid":{"rendered":"https:\/\/ddt.lv\/lv\/product\/40960\/"},"modified":"2026-04-13T09:51:25","modified_gmt":"2026-04-13T06:51:25","slug":"40960","status":"publish","type":"product","link":"https:\/\/ddt.lv\/ru\/product\/latviesu-universala-rive-gefu\/","title":{"rendered":"(Latvie\u0161u) Univers\u0101l\u0101 r\u012bve GEFU"},"content":{"rendered":"","protected":false},"excerpt":{"rendered":"","protected":false},"featured_media":57982,"comment_status":"closed","ping_status":"closed","template":"","meta":{"inline_featured_image":false},"product_cat":[1681,772],"product_tag":[],"yst_prominent_words":[],"class_list":{"0":"post-40960","1":"product","2":"type-product","3":"status-publish","4":"has-post-thumbnail","6":"product_cat-virtuves-paligi","7":"product_cat-atlaides","9":"first","10":"outofstock","11":"sale","12":"taxable","13":"shipping-taxable","14":"purchasable","15":"product-type-simple"},"jetpack_sharing_enabled":true,"_links":{"self":[{"href":"https:\/\/ddt.lv\/ru\/wp-json\/wp\/v2\/product\/40960"}],"collection":[{"href":"https:\/\/ddt.lv\/ru\/wp-json\/wp\/v2\/product"}],"about":[{"href":"https:\/\/ddt.lv\/ru\/wp-json\/wp\/v2\/types\/product"}],"replies":[{"embeddable":true,"href":"https:\/\/ddt.lv\/ru\/wp-json\/wp\/v2\/comments?post=40960"}],"wp:featuredmedia":[{"embeddable":true,"href":"https:\/\/ddt.lv\/ru\/wp-json\/wp\/v2\/media\/57982"}],"wp:attachment":[{"href":"https:\/\/ddt.lv\/ru\/wp-json\/wp\/v2\/media?parent=40960"}],"wp:term":[{"taxonomy":"product_cat","embeddable":true,"href":"https:\/\/ddt.lv\/ru\/wp-json\/wp\/v2\/product_cat?post=40960"},{"taxonomy":"product_tag","embeddable":true,"href":"https:\/\/ddt.lv\/ru\/wp-json\/wp\/v2\/product_tag?post=40960"},{"taxonomy":"yst_prominent_words","embeddable":true,"href":"https:\/\/ddt.lv\/ru\/wp-json\/wp\/v2\/yst_prominent_words?post=40960"}],"curies":[{"name":"wp","href":"https:\/\/api.w.org\/{rel}","templated":true}]}}