{"id":40272,"date":"2024-09-28T18:00:31","date_gmt":"2024-09-28T15:00:31","guid":{"rendered":"https:\/\/ddt.lv\/lv\/product\/russkij-svechi-voskovye-2led-006w-vintage-ip20-2x2aa-pult-distanczionnogo-upravleniya-s-tajmerom-125-sm-2-sht-v-upakovke-emos\/"},"modified":"2026-04-14T15:45:39","modified_gmt":"2026-04-14T12:45:39","slug":"russkij-svechi-voskovye-2led-006w-vintage-ip20-2x2aa-pult-distanczionnogo-upravleniya-s-tajmerom-125-sm-2-sht-v-upakovke-emos","status":"publish","type":"product","link":"https:\/\/ddt.lv\/ru\/product\/svecha-voskovaya-3led-0-06w-vnt-ip20-3x3aaa-t-10-125-15sm-v-upakovke-3-sht\/","title":{"rendered":"\u0421\u0432\u0435\u0447\u0430 \u0432\u043e\u0441\u043a\u043e\u0432\u0430\u044f 3LED 0.06W VNT IP20 3X3AAA T 10\/12,5\/15\u0441\u043c \u0432 \u0443\u043f\u0430\u043a\u043e\u0432\u043a\u0435 3 \u0448\u0442."},"content":{"rendered":"<h2 data-start=\"203\" data-end=\"251\">Baltas LED sveces ar silti baltu gaismu<\/h2>\n<p data-start=\"253\" data-end=\"510\">Vai jums pat\u012bk sveces, bet uztraucaties par ugunsdro\u0161\u012bbu? Tad \u0161\u012bs <strong data-start=\"319\" data-end=\"346\">balt\u0101s LED sveces<\/strong> b\u016bs ide\u0101la izv\u0113le. T\u0101s izmanto <strong data-start=\"378\" data-end=\"408\">energoefekt\u012bvas LED diodes<\/strong> k\u0101 gaismas avotu un izstaro <strong data-start=\"437\" data-end=\"476\">silti baltu gaismu (vintage efekts)<\/strong>, radot m\u0101j\u012bgu un dro\u0161u atmosf\u0113ru.<\/p>\n<p data-start=\"512\" data-end=\"771\">\u0160\u012bs <strong data-start=\"516\" data-end=\"530\">LED sveces<\/strong> ir lieliski piem\u0113rotas ne tikai <strong data-start=\"563\" data-end=\"588\">Ziemassv\u0113tku vakariem<\/strong>, bet ar\u012b m\u0101jas dekor\u0113\u0161anai <strong data-start=\"616\" data-end=\"636\">visa gada garum\u0101<\/strong>. T\u0101s dro\u0161i var izmantot <strong data-start=\"661\" data-end=\"698\">b\u0113rnu istab\u0101, uz terases, balkona<\/strong> un cit\u0101s viet\u0101s, kur dro\u0161\u012bbas apsv\u0113rumu d\u0113\u013c \u012bstas sveces nav ieteicamas.<\/p>\n<p data-start=\"773\" data-end=\"911\">Sveces darbojas ar 3xAAA<strong data-start=\"792\" data-end=\"812\">\u00a0baterij\u0101m<\/strong> un kalpo <strong data-start=\"822\" data-end=\"867\">daudzk\u0101rt ilg\u0101k nek\u0101 tradicion\u0101l\u0101s sveces<\/strong>, nodro\u0161inot ilgsto\u0161u un dro\u0161u apgaismojumu.<\/p>\n<p data-start=\"913\" data-end=\"940\"><strong data-start=\"913\" data-end=\"940\">Galven\u0101s priek\u0161roc\u012bbas:<\/strong><\/p>\n<ul data-start=\"941\" data-end=\"1140\">\n<li data-start=\"941\" data-end=\"970\">\n<p data-start=\"943\" data-end=\"970\">Baltas <strong data-start=\"950\" data-end=\"970\">LED sveces<\/strong><\/p>\n<\/li>\n<li data-start=\"971\" data-end=\"1012\">\n<p data-start=\"973\" data-end=\"1012\"><strong data-start=\"973\" data-end=\"1012\">Silti balta gaisma (vintage efekts)<\/strong><\/p>\n<\/li>\n<li data-start=\"1013\" data-end=\"1045\">\n<p data-start=\"1015\" data-end=\"1045\">Dro\u0161a alternat\u012bva \u012bst\u0101m svec\u0113m<\/p>\n<\/li>\n<li data-start=\"1046\" data-end=\"1083\">\n<p data-start=\"1048\" data-end=\"1083\">Piem\u0113rotas lieto\u0161anai telp\u0101s un \u0101r\u0101<\/p>\n<\/li>\n<li data-start=\"1084\" data-end=\"1118\">\n<p data-start=\"1086\" data-end=\"1118\">Darbojas ar 3xAAA<strong data-start=\"1098\" data-end=\"1118\">\u00a0baterij\u0101m<\/strong><\/p>\n<\/li>\n<li data-start=\"1119\" data-end=\"1140\">\n<p data-start=\"1121\" data-end=\"1140\">Ilgs darb\u012bbas laiks<\/p>\n<\/li>\n<\/ul>\n","protected":false},"excerpt":{"rendered":"<p>Baltas LED sveces ar silti baltu gaismu Vai jums pat\u012bk sveces, bet uztraucaties par ugunsdro\u0161\u012bbu? Tad \u0161\u012bs balt\u0101s LED sveces b\u016bs ide\u0101la izv\u0113le. T\u0101s izmanto energoefekt\u012bvas LED diodes k\u0101 gaismas avotu un izstaro silti baltu gaismu (vintage efekts), radot m\u0101j\u012bgu un dro\u0161u atmosf\u0113ru. \u0160\u012bs LED sveces ir lieliski piem\u0113rotas ne tikai Ziemassv\u0113tku vakariem, bet ar\u012b [&hellip;]<\/p>\n","protected":false},"featured_media":102040,"comment_status":"closed","ping_status":"closed","template":"","meta":{"inline_featured_image":false},"product_cat":[913],"product_tag":[],"yst_prominent_words":[],"class_list":{"0":"post-40272","1":"product","2":"type-product","3":"status-publish","4":"has-post-thumbnail","6":"product_cat-iekstelpu-dekori-led-virtenes-un-dekoracijas","8":"first","9":"outofstock","10":"taxable","11":"shipping-taxable","12":"purchasable","13":"product-type-simple"},"jetpack_sharing_enabled":true,"_links":{"self":[{"href":"https:\/\/ddt.lv\/ru\/wp-json\/wp\/v2\/product\/40272"}],"collection":[{"href":"https:\/\/ddt.lv\/ru\/wp-json\/wp\/v2\/product"}],"about":[{"href":"https:\/\/ddt.lv\/ru\/wp-json\/wp\/v2\/types\/product"}],"replies":[{"embeddable":true,"href":"https:\/\/ddt.lv\/ru\/wp-json\/wp\/v2\/comments?post=40272"}],"wp:featuredmedia":[{"embeddable":true,"href":"https:\/\/ddt.lv\/ru\/wp-json\/wp\/v2\/media\/102040"}],"wp:attachment":[{"href":"https:\/\/ddt.lv\/ru\/wp-json\/wp\/v2\/media?parent=40272"}],"wp:term":[{"taxonomy":"product_cat","embeddable":true,"href":"https:\/\/ddt.lv\/ru\/wp-json\/wp\/v2\/product_cat?post=40272"},{"taxonomy":"product_tag","embeddable":true,"href":"https:\/\/ddt.lv\/ru\/wp-json\/wp\/v2\/product_tag?post=40272"},{"taxonomy":"yst_prominent_words","embeddable":true,"href":"https:\/\/ddt.lv\/ru\/wp-json\/wp\/v2\/yst_prominent_words?post=40272"}],"curies":[{"name":"wp","href":"https:\/\/api.w.org\/{rel}","templated":true}]}}