{"id":38871,"date":"2024-02-01T11:40:24","date_gmt":"2024-02-01T09:40:24","guid":{"rendered":"https:\/\/ddt.lv\/lv\/product\/pagarinatajs-pvc-4-5m-ar-sl-a-z-3x15mm-3680w-balts-emos\/"},"modified":"2026-04-13T10:02:39","modified_gmt":"2026-04-13T07:02:39","slug":"pagarinatajs-pvc-4-5m-ar-sl-a-z-3x15mm-3680w-balts-emos","status":"publish","type":"product","link":"https:\/\/ddt.lv\/ru\/product\/latviesu-pagarinatajs-pvc-4-5m-ar-sl-a-z-3x15mm-3680w-balts-emos\/","title":{"rendered":"(Latvie\u0161u) Pagarin\u0101t\u0101js PVC 4\/5m ar sl. a\/z 3&#215;1,5mm 3680W balts EMOS"},"content":{"rendered":"<p class=\"qtranxs-available-languages-message qtranxs-available-languages-message-ru\">\u0418\u0437\u0432\u0438\u043d\u0438\u0442\u0435, \u044d\u0442\u043e\u0442 \u0442\u0435\u0445\u0442 \u0434\u043e\u0441\u0442\u0443\u043f\u0435\u043d \u0442\u043e\u043b\u044c\u043a\u043e \u0432 &ldquo;<a href=\"https:\/\/ddt.lv\/lv\/wp-json\/wp\/v2\/product\/38871\" class=\"qtranxs-available-language-link qtranxs-available-language-link-lv\" title=\"Latvie\u0161u\">Latvie\u0161u<\/a>&rdquo;.<\/p>","protected":false},"excerpt":{"rendered":"<p>\u0418\u0437\u0432\u0438\u043d\u0438\u0442\u0435, \u044d\u0442\u043e\u0442 \u0442\u0435\u0445\u0442 \u0434\u043e\u0441\u0442\u0443\u043f\u0435\u043d \u0442\u043e\u043b\u044c\u043a\u043e \u0432 &ldquo;Latvie\u0161u&rdquo;.<\/p>\n","protected":false},"featured_media":38982,"comment_status":"closed","ping_status":"closed","template":"","meta":{"inline_featured_image":false},"product_cat":[746],"product_tag":[],"yst_prominent_words":[],"class_list":{"0":"post-38871","1":"product","2":"type-product","3":"status-publish","4":"has-post-thumbnail","6":"product_cat-pagarinataji-pagarinataji-un-sadalitaji","8":"first","9":"instock","10":"taxable","11":"shipping-taxable","12":"purchasable","13":"product-type-simple"},"jetpack_sharing_enabled":true,"_links":{"self":[{"href":"https:\/\/ddt.lv\/ru\/wp-json\/wp\/v2\/product\/38871"}],"collection":[{"href":"https:\/\/ddt.lv\/ru\/wp-json\/wp\/v2\/product"}],"about":[{"href":"https:\/\/ddt.lv\/ru\/wp-json\/wp\/v2\/types\/product"}],"replies":[{"embeddable":true,"href":"https:\/\/ddt.lv\/ru\/wp-json\/wp\/v2\/comments?post=38871"}],"wp:featuredmedia":[{"embeddable":true,"href":"https:\/\/ddt.lv\/ru\/wp-json\/wp\/v2\/media\/38982"}],"wp:attachment":[{"href":"https:\/\/ddt.lv\/ru\/wp-json\/wp\/v2\/media?parent=38871"}],"wp:term":[{"taxonomy":"product_cat","embeddable":true,"href":"https:\/\/ddt.lv\/ru\/wp-json\/wp\/v2\/product_cat?post=38871"},{"taxonomy":"product_tag","embeddable":true,"href":"https:\/\/ddt.lv\/ru\/wp-json\/wp\/v2\/product_tag?post=38871"},{"taxonomy":"yst_prominent_words","embeddable":true,"href":"https:\/\/ddt.lv\/ru\/wp-json\/wp\/v2\/yst_prominent_words?post=38871"}],"curies":[{"name":"wp","href":"https:\/\/api.w.org\/{rel}","templated":true}]}}