{"id":29852,"date":"2021-11-25T12:10:30","date_gmt":"2021-11-25T10:10:30","guid":{"rendered":"https:\/\/ddt.lv\/lv\/product\/dekors-4led-laternas-cw-210x38-5cm-ip44-cw-230v-emos\/"},"modified":"2026-04-08T14:41:05","modified_gmt":"2026-04-08T11:41:05","slug":"dekors-4led-laternas-cw-210x38-5cm-ip44-cw-230v-emos","status":"publish","type":"product","link":"https:\/\/ddt.lv\/ru\/product\/dekor-4led-fonari-cw-210x38-5sm-ip44-cw-230v-emos\/","title":{"rendered":"\u0414\u0435\u043a\u043e\u0440 4LED \u0424\u043e\u043d\u0430\u0440\u0438 CW 210&#215;38.5\u0441\u043c IP44 CW 230V EMOS"},"content":{"rendered":"<p>\u0444\u043e\u043d\u0430\u0440\u044c.<br \/>\n\u0446\u0432\u0435\u0442 \u0445\u043e\u043b\u043e\u0434\u043d\u044b\u0439 \u0431\u0435\u043b\u044b\u0439.<br \/>\n\u0440\u0430\u0437\u043c\u0435\u0440 4 \u00d7 6,5 \u00d7 6,5 \u00d7 11,5 \u0441\u043c + 27 \u0441\u043c.<br \/>\n\u0434\u043b\u044f \u043d\u0430\u0440\u0443\u0436\u043d\u043e\u0433\u043e \u0438 \u0432\u043d\u0443\u0442\u0440\u0435\u043d\u043d\u0435\u0433\u043e \u0438\u0441\u043f\u043e\u043b\u044c\u0437\u043e\u0432\u0430\u043d\u0438\u044f.<br \/>\n\u0441\u0435\u0442\u0435\u0432\u043e\u0439 \u0430\u0434\u0430\u043f\u0442\u0435\u0440 \u0442\u0438\u043f\u0430 \u043f\u0438\u0442\u0430\u043d\u0438\u044f.<br \/>\n\u0421\u0432\u0435\u0442\u043e\u0434\u0438\u043e\u0434\u043d\u044b\u0439 \u0438\u0441\u0442\u043e\u0447\u043d\u0438\u043a \u0441\u0432\u0435\u0442\u0430.<br \/>\n\u043a\u043e\u043b\u0438\u0447\u0435\u0441\u0442\u0432\u043e \u0441\u0432\u0435\u0442\u043e\u0434\u0438\u043e\u0434\u043e\u0432 4 \u00d7 1.<br \/>\n\u0434\u043b\u0438\u043d\u0430 \u0432\u0445\u043e\u0434\u0430 3 \u043c.<br \/>\n\u0446\u0432\u0435\u0442 \u043f\u0440\u043e\u0432\u043e\u0434\u0430 \u0447\u0435\u0440\u043d\u044b\u0439.<br \/>\n\u043f\u043e\u0442\u0440\u0435\u0431\u043b\u044f\u0435\u043c\u0430\u044f \u043c\u043e\u0449\u043d\u043e\u0441\u0442\u044c 5 \u0412\u0442.<br \/>\n\u0432\u0445\u043e\u0434\u043d\u043e\u0435 \u043d\u0430\u043f\u0440\u044f\u0436\u0435\u043d\u0438\u0435 230 \u0412 \u043f\u0435\u0440\u0435\u043c\u0435\u043d\u043d\u043e\u0433\u043e \u0442\u043e\u043a\u0430.<br \/>\n\u0432\u044b\u0445\u043e\u0434\u043d\u043e\u0435 \u043d\u0430\u043f\u0440\u044f\u0436\u0435\u043d\u0438\u0435 5 \u0412 \u043f\u043e\u0441\u0442\u043e\u044f\u043d\u043d\u043e\u0433\u043e \u0442\u043e\u043a\u0430.<br \/>\n\u0421\u0442\u0435\u043f\u0435\u043d\u044c \u0437\u0430\u0449\u0438\u0442\u044b IP44.<br \/>\n\u0441\u0440\u043e\u043a \u0441\u043b\u0443\u0436\u0431\u044b 10 000 \u0447\u0430\u0441\u043e\u0432.<br \/>\n\u041f\u043b\u0430\u0441\u0442\u0438\u043a\u043e\u0432\u044b\u0439 \u043c\u0430\u0442\u0435\u0440\u0438\u0430\u043b. <\/p>","protected":false},"excerpt":{"rendered":"<p>\u0444\u043e\u043d\u0430\u0440\u044c. \u0446\u0432\u0435\u0442 \u0445\u043e\u043b\u043e\u0434\u043d\u044b\u0439 \u0431\u0435\u043b\u044b\u0439. \u0440\u0430\u0437\u043c\u0435\u0440 4 \u00d7 6,5 \u00d7 6,5 \u00d7 11,5 \u0441\u043c + 27 \u0441\u043c. \u0434\u043b\u044f \u043d\u0430\u0440\u0443\u0436\u043d\u043e\u0433\u043e \u0438 \u0432\u043d\u0443\u0442\u0440\u0435\u043d\u043d\u0435\u0433\u043e \u0438\u0441\u043f\u043e\u043b\u044c\u0437\u043e\u0432\u0430\u043d\u0438\u044f. \u0441\u0435\u0442\u0435\u0432\u043e\u0439 \u0430\u0434\u0430\u043f\u0442\u0435\u0440 \u0442\u0438\u043f\u0430 \u043f\u0438\u0442\u0430\u043d\u0438\u044f. \u0421\u0432\u0435\u0442\u043e\u0434\u0438\u043e\u0434\u043d\u044b\u0439 \u0438\u0441\u0442\u043e\u0447\u043d\u0438\u043a \u0441\u0432\u0435\u0442\u0430. \u043a\u043e\u043b\u0438\u0447\u0435\u0441\u0442\u0432\u043e \u0441\u0432\u0435\u0442\u043e\u0434\u0438\u043e\u0434\u043e\u0432 4 \u00d7 1. \u0434\u043b\u0438\u043d\u0430 \u0432\u0445\u043e\u0434\u0430 3 \u043c. \u0446\u0432\u0435\u0442 \u043f\u0440\u043e\u0432\u043e\u0434\u0430 \u0447\u0435\u0440\u043d\u044b\u0439. \u043f\u043e\u0442\u0440\u0435\u0431\u043b\u044f\u0435\u043c\u0430\u044f \u043c\u043e\u0449\u043d\u043e\u0441\u0442\u044c 5 \u0412\u0442. \u0432\u0445\u043e\u0434\u043d\u043e\u0435 \u043d\u0430\u043f\u0440\u044f\u0436\u0435\u043d\u0438\u0435 230 \u0412 \u043f\u0435\u0440\u0435\u043c\u0435\u043d\u043d\u043e\u0433\u043e \u0442\u043e\u043a\u0430. \u0432\u044b\u0445\u043e\u0434\u043d\u043e\u0435 \u043d\u0430\u043f\u0440\u044f\u0436\u0435\u043d\u0438\u0435 5 \u0412 \u043f\u043e\u0441\u0442\u043e\u044f\u043d\u043d\u043e\u0433\u043e [&hellip;]<\/p>\n","protected":false},"featured_media":30501,"comment_status":"closed","ping_status":"closed","template":"","meta":{"inline_featured_image":false},"product_cat":[914],"product_tag":[],"yst_prominent_words":[],"class_list":{"0":"post-29852","1":"product","2":"type-product","3":"status-publish","4":"has-post-thumbnail","6":"product_cat-ara-dekori-projektori","8":"first","9":"instock","10":"taxable","11":"shipping-taxable","12":"purchasable","13":"product-type-simple"},"jetpack_sharing_enabled":true,"_links":{"self":[{"href":"https:\/\/ddt.lv\/ru\/wp-json\/wp\/v2\/product\/29852"}],"collection":[{"href":"https:\/\/ddt.lv\/ru\/wp-json\/wp\/v2\/product"}],"about":[{"href":"https:\/\/ddt.lv\/ru\/wp-json\/wp\/v2\/types\/product"}],"replies":[{"embeddable":true,"href":"https:\/\/ddt.lv\/ru\/wp-json\/wp\/v2\/comments?post=29852"}],"wp:featuredmedia":[{"embeddable":true,"href":"https:\/\/ddt.lv\/ru\/wp-json\/wp\/v2\/media\/30501"}],"wp:attachment":[{"href":"https:\/\/ddt.lv\/ru\/wp-json\/wp\/v2\/media?parent=29852"}],"wp:term":[{"taxonomy":"product_cat","embeddable":true,"href":"https:\/\/ddt.lv\/ru\/wp-json\/wp\/v2\/product_cat?post=29852"},{"taxonomy":"product_tag","embeddable":true,"href":"https:\/\/ddt.lv\/ru\/wp-json\/wp\/v2\/product_tag?post=29852"},{"taxonomy":"yst_prominent_words","embeddable":true,"href":"https:\/\/ddt.lv\/ru\/wp-json\/wp\/v2\/yst_prominent_words?post=29852"}],"curies":[{"name":"wp","href":"https:\/\/api.w.org\/{rel}","templated":true}]}}