{"id":28512,"date":"2021-09-23T13:30:16","date_gmt":"2021-09-23T10:30:16","guid":{"rendered":"https:\/\/ddt.lv\/lv\/product\/ledus-masina-freeze-700g-melna-unold\/"},"modified":"2026-04-08T14:40:48","modified_gmt":"2026-04-08T11:40:48","slug":"ledus-masina-freeze-700g-melna-unold","status":"publish","type":"product","link":"https:\/\/ddt.lv\/ru\/product\/latviesu-ledus-masina-freeze-700g-melna-unold\/","title":{"rendered":"(Latvie\u0161u) Ledus ma\u0161\u012bna Freeze 700g melna UNOLD"},"content":{"rendered":"<p>\u0411\u043e\u043b\u044c\u0448\u0435 \u043d\u0438\u043a\u0430\u043a\u0438\u0445 \u043f\u043b\u0430\u0441\u0442\u0438\u043a\u043e\u0432\u044b\u0445 \u043f\u0430\u043a\u0435\u0442\u043e\u0432 \u0434\u043b\u044f \u043a\u0443\u0431\u0438\u043a\u043e\u0432 \u043b\u044c\u0434\u0430 \u0438 \u0444\u043e\u0440\u043c \u0434\u043b\u044f \u043a\u0443\u0431\u0438\u043a\u043e\u0432 \u043b\u044c\u0434\u0430, \u0437\u0430\u043a\u0440\u044b\u0432\u0430\u044e\u0449\u0438\u0445 \u043c\u043e\u0440\u043e\u0437\u0438\u043b\u044c\u043d\u0443\u044e \u0438\u043b\u0438 \u043c\u043e\u0440\u043e\u0437\u0438\u043b\u044c\u043d\u0443\u044e \u043a\u0430\u043c\u0435\u0440\u0443! ICE CUBE MAKER \u043f\u0440\u043e\u0438\u0437\u0432\u043e\u0434\u0438\u0442 \u043e\u0433\u0440\u043e\u043c\u043d\u043e\u0435 \u043a\u043e\u043b\u0438\u0447\u0435\u0441\u0442\u0432\u043e \u043a\u0443\u0431\u0438\u043a\u043e\u0432 \u043b\u044c\u0434\u0430 \u0432 \u0442\u0435\u0447\u0435\u043d\u0438\u0435 \u0447\u0430\u0441\u0430 \u043e\u0434\u043d\u0438\u043c \u043d\u0430\u0436\u0430\u0442\u0438\u0435\u043c \u043a\u043d\u043e\u043f\u043a\u0438. \u041d\u0438\u0447\u0442\u043e \u043d\u0435 \u043f\u043e\u043c\u0435\u0448\u0430\u0435\u0442 \u043a\u043e\u043a\u0442\u0435\u0439\u043b\u044c\u043d\u043e\u0439 \u0432\u0435\u0447\u0435\u0440\u0438\u043d\u043a\u0435 \u0434\u0430\u0436\u0435 \u0441 \u0431\u043e\u043b\u044c\u0448\u0438\u043c \u043a\u043e\u043b\u0438\u0447\u0435\u0441\u0442\u0432\u043e\u043c \u0433\u043e\u0441\u0442\u0435\u0439!<\/p>\n<p>\u0420\u0435\u0437\u0435\u0440\u0432\u0443\u0430\u0440 \u0434\u043b\u044f \u0432\u043e\u0434\u044b \u0433\u0435\u043d\u0435\u0440\u0430\u0442\u043e\u0440\u0430 \u043b\u044c\u0434\u0430 \u0432\u043c\u0435\u0449\u0430\u0435\u0442 \u043e\u043a\u043e\u043b\u043e 1,6 \u043b\u0438\u0442\u0440\u0430 \u0432\u043e\u0434\u044b, \u0447\u0442\u043e \u043f\u0440\u0435\u0432\u0440\u0430\u0449\u0430\u0435\u0442\u0441\u044f \u0432 \u043e\u043a\u043e\u043b\u043e 700 \u0433\u0440\u0430\u043c\u043c\u043e\u0432 \u043a\u0443\u0431\u0438\u043a\u043e\u0432 \u043b\u044c\u0434\u0430, \u043a\u043e\u0442\u043e\u0440\u044b\u0435 \u0432\u044b \u0432\u0441\u0435\u0433\u0434\u0430 \u043c\u043e\u0436\u0435\u0442\u0435 \u0443\u0432\u0438\u0434\u0435\u0442\u044c \u0447\u0435\u0440\u0435\u0437 \u0431\u043e\u043b\u044c\u0448\u043e\u0435 \u0441\u043c\u043e\u0442\u0440\u043e\u0432\u043e\u0435 \u043e\u043a\u043e\u0448\u043a\u043e \u0432 \u043a\u0440\u044b\u0448\u043a\u0435.<\/p>\n<p>\u041e\u043f\u0435\u0440\u0430\u0446\u0438\u044f \u043e\u0447\u0435\u043d\u044c \u043f\u0440\u043e\u0441\u0442\u0430: \u0437\u0430\u043b\u0435\u0439\u0442\u0435 \u0432\u043e\u0434\u0443, \u043d\u0430\u0436\u043c\u0438\u0442\u0435 \u043a\u043d\u043e\u043f\u043a\u0443 &#8211; \u0438 \u043f\u0440\u0438\u0441\u0442\u0443\u043f\u0430\u0439\u0442\u0435 \u043a \u043f\u0440\u043e\u0438\u0437\u0432\u043e\u0434\u0441\u0442\u0432\u0443 \u043a\u0443\u0431\u0438\u043a\u043e\u0432 \u043b\u044c\u0434\u0430. \u041a\u043e\u043d\u0442\u0440\u043e\u043b\u044c\u043d\u0430\u044f \u043b\u0430\u043c\u043f\u0430 \u043f\u043e\u0434\u0430\u0435\u0442 \u0441\u0438\u0433\u043d\u0430\u043b, \u043a\u0430\u043a \u0442\u043e\u043b\u044c\u043a\u043e \u043a\u043e\u043d\u0442\u0435\u0439\u043d\u0435\u0440 \u0434\u043b\u044f \u043a\u0443\u0431\u0438\u043a\u043e\u0432 \u043b\u044c\u0434\u0430 \u0437\u0430\u043f\u043e\u043b\u043d\u044f\u0435\u0442\u0441\u044f. \u0417\u0430\u0442\u0435\u043c \u0438\u0441\u043f\u043e\u043b\u044c\u0437\u0443\u0435\u0442\u0441\u044f \u0441\u043e\u0432\u043e\u043a \u0434\u043b\u044f \u043b\u044c\u0434\u0430, \u043a\u043e\u0442\u043e\u0440\u044b\u0439 \u044f\u0432\u043b\u044f\u0435\u0442\u0441\u044f \u0447\u0430\u0441\u0442\u044c\u044e \u043e\u0431\u043e\u0440\u0443\u0434\u043e\u0432\u0430\u043d\u0438\u044f &#8211; \u0438 \u043a\u0430\u043a \u0442\u043e\u043b\u044c\u043a\u043e \u043a\u043e\u043d\u0442\u0435\u0439\u043d\u0435\u0440 \u043e\u043f\u043e\u0440\u043e\u0436\u043d\u044f\u0435\u0442\u0441\u044f, \u043c\u043e\u0436\u043d\u043e \u0433\u043e\u0442\u043e\u0432\u0438\u0442\u044c \u0441\u043b\u0435\u0434\u0443\u044e\u0449\u0443\u044e \u00ab\u0437\u0430\u0433\u0440\u0443\u0437\u043a\u0443\u00bb.<\/p>\n<p>\u0412\u0441\u0435 \u0447\u0430\u0441\u0442\u0438, \u043a\u043e\u043d\u0442\u0430\u043a\u0442\u0438\u0440\u0443\u044e\u0449\u0438\u0435 \u0441 \u043f\u0438\u0449\u0435\u0432\u044b\u043c\u0438 \u043f\u0440\u043e\u0434\u0443\u043a\u0442\u0430\u043c\u0438, \u043d\u0435 \u0441\u043e\u0434\u0435\u0440\u0436\u0430\u0442 \u0431\u0438\u0441\u0444\u0435\u043d\u043e\u043b\u0430 \u0410 &#8211; \u044d\u0442\u043e \u0441\u0430\u043c\u043e \u0441\u043e\u0431\u043e\u0439 \u0440\u0430\u0437\u0443\u043c\u0435\u044e\u0449\u0435\u0435\u0441\u044f \u0434\u043b\u044f Unold!<\/p>\n<p>\u041a\u0443\u0431\u0438\u043a \u0447\u0435\u0440\u043d\u043e\u0433\u043e \u043b\u044c\u0434\u0430 \u0441\u0442\u0430\u043d\u0435\u0442 \u043e\u0442\u043b\u0438\u0447\u043d\u044b\u043c \u0438 \u0432 \u0440\u0430\u0432\u043d\u043e\u0439 \u0441\u0442\u0435\u043f\u0435\u043d\u0438 \u043f\u0440\u0430\u043a\u0442\u0438\u0447\u043d\u044b\u043c \u043f\u0440\u0438\u043c\u0430\u043d\u043a\u043e\u0439 \u0434\u043b\u044f \u0433\u043b\u0430\u0437 \u043d\u0430 \u043b\u044e\u0431\u043e\u0439 \u0432\u0435\u0447\u0435\u0440\u0438\u043d\u043a\u0435, \u043e\u0431\u0435\u0441\u043f\u0435\u0447\u0438\u0432\u0430\u044f \u0438\u0434\u0435\u0430\u043b\u044c\u043d\u043e \u043e\u0445\u043b\u0430\u0436\u0434\u0435\u043d\u043d\u044b\u0435 \u043d\u0430\u043f\u0438\u0442\u043a\u0438 \u0441 \u0430\u043b\u043a\u043e\u0433\u043e\u043b\u0435\u043c \u0438 \u0431\u0435\u0437 \u043d\u0435\u0433\u043e!<\/p>","protected":false},"excerpt":{"rendered":"<p>\u0411\u043e\u043b\u044c\u0448\u0435 \u043d\u0438\u043a\u0430\u043a\u0438\u0445 \u043f\u043b\u0430\u0441\u0442\u0438\u043a\u043e\u0432\u044b\u0445 \u043f\u0430\u043a\u0435\u0442\u043e\u0432 \u0434\u043b\u044f \u043a\u0443\u0431\u0438\u043a\u043e\u0432 \u043b\u044c\u0434\u0430 \u0438 \u0444\u043e\u0440\u043c \u0434\u043b\u044f \u043a\u0443\u0431\u0438\u043a\u043e\u0432 \u043b\u044c\u0434\u0430, \u0437\u0430\u043a\u0440\u044b\u0432\u0430\u044e\u0449\u0438\u0445 \u043c\u043e\u0440\u043e\u0437\u0438\u043b\u044c\u043d\u0443\u044e \u0438\u043b\u0438 \u043c\u043e\u0440\u043e\u0437\u0438\u043b\u044c\u043d\u0443\u044e \u043a\u0430\u043c\u0435\u0440\u0443! ICE CUBE MAKER \u043f\u0440\u043e\u0438\u0437\u0432\u043e\u0434\u0438\u0442 \u043e\u0433\u0440\u043e\u043c\u043d\u043e\u0435 \u043a\u043e\u043b\u0438\u0447\u0435\u0441\u0442\u0432\u043e \u043a\u0443\u0431\u0438\u043a\u043e\u0432 \u043b\u044c\u0434\u0430 \u0432 \u0442\u0435\u0447\u0435\u043d\u0438\u0435 \u0447\u0430\u0441\u0430 \u043e\u0434\u043d\u0438\u043c \u043d\u0430\u0436\u0430\u0442\u0438\u0435\u043c \u043a\u043d\u043e\u043f\u043a\u0438. \u041d\u0438\u0447\u0442\u043e \u043d\u0435 \u043f\u043e\u043c\u0435\u0448\u0430\u0435\u0442 \u043a\u043e\u043a\u0442\u0435\u0439\u043b\u044c\u043d\u043e\u0439 \u0432\u0435\u0447\u0435\u0440\u0438\u043d\u043a\u0435 \u0434\u0430\u0436\u0435 \u0441 \u0431\u043e\u043b\u044c\u0448\u0438\u043c \u043a\u043e\u043b\u0438\u0447\u0435\u0441\u0442\u0432\u043e\u043c \u0433\u043e\u0441\u0442\u0435\u0439! \u0420\u0435\u0437\u0435\u0440\u0432\u0443\u0430\u0440 \u0434\u043b\u044f \u0432\u043e\u0434\u044b \u0433\u0435\u043d\u0435\u0440\u0430\u0442\u043e\u0440\u0430 \u043b\u044c\u0434\u0430 \u0432\u043c\u0435\u0449\u0430\u0435\u0442 \u043e\u043a\u043e\u043b\u043e 1,6 \u043b\u0438\u0442\u0440\u0430 \u0432\u043e\u0434\u044b, \u0447\u0442\u043e \u043f\u0440\u0435\u0432\u0440\u0430\u0449\u0430\u0435\u0442\u0441\u044f \u0432 \u043e\u043a\u043e\u043b\u043e [&hellip;]<\/p>\n","protected":false},"featured_media":28533,"comment_status":"closed","ping_status":"closed","template":"","meta":{"inline_featured_image":false},"product_cat":[527],"product_tag":[],"yst_prominent_words":[],"class_list":{"0":"post-28512","1":"product","2":"type-product","3":"status-publish","4":"has-post-thumbnail","6":"product_cat-saldejuma-un-popkorna-aparati","8":"first","9":"instock","10":"taxable","11":"shipping-taxable","12":"purchasable","13":"product-type-simple"},"jetpack_sharing_enabled":true,"_links":{"self":[{"href":"https:\/\/ddt.lv\/ru\/wp-json\/wp\/v2\/product\/28512"}],"collection":[{"href":"https:\/\/ddt.lv\/ru\/wp-json\/wp\/v2\/product"}],"about":[{"href":"https:\/\/ddt.lv\/ru\/wp-json\/wp\/v2\/types\/product"}],"replies":[{"embeddable":true,"href":"https:\/\/ddt.lv\/ru\/wp-json\/wp\/v2\/comments?post=28512"}],"wp:featuredmedia":[{"embeddable":true,"href":"https:\/\/ddt.lv\/ru\/wp-json\/wp\/v2\/media\/28533"}],"wp:attachment":[{"href":"https:\/\/ddt.lv\/ru\/wp-json\/wp\/v2\/media?parent=28512"}],"wp:term":[{"taxonomy":"product_cat","embeddable":true,"href":"https:\/\/ddt.lv\/ru\/wp-json\/wp\/v2\/product_cat?post=28512"},{"taxonomy":"product_tag","embeddable":true,"href":"https:\/\/ddt.lv\/ru\/wp-json\/wp\/v2\/product_tag?post=28512"},{"taxonomy":"yst_prominent_words","embeddable":true,"href":"https:\/\/ddt.lv\/ru\/wp-json\/wp\/v2\/yst_prominent_words?post=28512"}],"curies":[{"name":"wp","href":"https:\/\/api.w.org\/{rel}","templated":true}]}}