{"id":24863,"date":"2021-01-11T13:30:08","date_gmt":"2021-01-11T11:30:08","guid":{"rendered":"https:\/\/ddt.lv\/lv\/product\/bezvadu-ladetajs-viedtalruniem-7-5w-10w-trust\/"},"modified":"2026-04-08T14:27:25","modified_gmt":"2026-04-08T11:27:25","slug":"bezvadu-ladetajs-viedtalruniem-7-5w-10w-trust","status":"publish","type":"product","link":"https:\/\/ddt.lv\/ru\/product\/bezvadu-ladetajs-viedtalruniem-7-5w-10w-trust\/","title":{"rendered":"\u0411\u0435\u0441\u043f\u0440\u043e\u0432\u043e\u0434\u043d\u043e\u0435 \u0437\u0430\u0440\u044f\u0434\u043d\u043e\u0435 \u0443\u0441\u0442\u0440\u043e\u0439\u0441\u0442\u0432\u043e \u0434\u043b\u044f \u0441\u043c\u0430\u0440\u0442\u0444\u043e\u043d\u043e\u0432 7,5 \u0412\u0442\/10 \u0412\u0442 TRUST"},"content":{"rendered":"<h2 class=\"headerTextBlack\">Galvenie parametri<\/h2>\n<div class=\"product-features-texts\">\n<ul class=\"product-features-list\">\n<li>Apa\u013c\u0161 uzl\u0101des paliktnis \u0113rtai viedt\u0101lru\u0146a novieto\u0161anai<\/li>\n<li>Pieskarieties un uzl\u0101d\u0113jiet: vienk\u0101r\u0161i novietojiet savu viedt\u0101lruni uz l\u0101d\u0113t\u0101ja, un tas s\u0101ks uzl\u0101di<\/li>\n<li>Ar RGB LED apgaismojumu (varav\u012bksnes vilnis)<\/li>\n<li>Darbojas ar visiem ar Qi savienojamiem viedt\u0101lru\u0146iem<\/li>\n<li>Nav nepiecie\u0161ams iz\u0146emt viedt\u0101lruni no v\u0101ci\u0146a<\/li>\n<li>Atbalsta \u0101tro uzl\u0101di: 7.5W atdeve iPhone un 10W atdeve Samsung Galaxy viedt\u0101lru\u0146iem<\/li>\n<li>Izmantojiet jebk\u0101du USB l\u0101d\u0113t\u0101ju ar 2A\/10W vai liel\u0101ku str\u0101vas atdevi (vads iek\u013cauts komplekt\u0101; l\u0101d\u0113t\u0101js nav iek\u013cauts)<\/li>\n<li>Viedais dro\u0161\u012bbas dizains &#8211; pasarg\u0101 no met\u0101la priek\u0161metu boj\u0101jumiem<\/li>\n<li>*\u0100trajai uzl\u0101dei nepiecie\u0161ams USB l\u0101d\u0113t\u0101js, kas sader\u012bgs ar Quick Charge 2.0\/3.0<\/li>\n<\/ul>\n<\/div>\n","protected":false},"excerpt":{"rendered":"<p>Galvenie parametri Apa\u013c\u0161 uzl\u0101des paliktnis \u0113rtai viedt\u0101lru\u0146a novieto\u0161anai Pieskarieties un uzl\u0101d\u0113jiet: vienk\u0101r\u0161i novietojiet savu viedt\u0101lruni uz l\u0101d\u0113t\u0101ja, un tas s\u0101ks uzl\u0101di Ar RGB LED apgaismojumu (varav\u012bksnes vilnis) Darbojas ar visiem ar Qi savienojamiem viedt\u0101lru\u0146iem Nav nepiecie\u0161ams iz\u0146emt viedt\u0101lruni no v\u0101ci\u0146a Atbalsta \u0101tro uzl\u0101di: 7.5W atdeve iPhone un 10W atdeve Samsung Galaxy viedt\u0101lru\u0146iem Izmantojiet jebk\u0101du USB [&hellip;]<\/p>\n","protected":false},"featured_media":24866,"comment_status":"closed","ping_status":"closed","template":"","meta":{"inline_featured_image":false},"product_cat":[772,744],"product_tag":[],"yst_prominent_words":[],"class_list":{"0":"post-24863","1":"product","2":"type-product","3":"status-publish","4":"has-post-thumbnail","6":"product_cat-atlaides","7":"product_cat-mobilo-telefonu-ladetaji-usb","9":"first","10":"outofstock","11":"sale","12":"taxable","13":"shipping-taxable","14":"purchasable","15":"product-type-simple"},"jetpack_sharing_enabled":true,"_links":{"self":[{"href":"https:\/\/ddt.lv\/ru\/wp-json\/wp\/v2\/product\/24863"}],"collection":[{"href":"https:\/\/ddt.lv\/ru\/wp-json\/wp\/v2\/product"}],"about":[{"href":"https:\/\/ddt.lv\/ru\/wp-json\/wp\/v2\/types\/product"}],"replies":[{"embeddable":true,"href":"https:\/\/ddt.lv\/ru\/wp-json\/wp\/v2\/comments?post=24863"}],"wp:featuredmedia":[{"embeddable":true,"href":"https:\/\/ddt.lv\/ru\/wp-json\/wp\/v2\/media\/24866"}],"wp:attachment":[{"href":"https:\/\/ddt.lv\/ru\/wp-json\/wp\/v2\/media?parent=24863"}],"wp:term":[{"taxonomy":"product_cat","embeddable":true,"href":"https:\/\/ddt.lv\/ru\/wp-json\/wp\/v2\/product_cat?post=24863"},{"taxonomy":"product_tag","embeddable":true,"href":"https:\/\/ddt.lv\/ru\/wp-json\/wp\/v2\/product_tag?post=24863"},{"taxonomy":"yst_prominent_words","embeddable":true,"href":"https:\/\/ddt.lv\/ru\/wp-json\/wp\/v2\/yst_prominent_words?post=24863"}],"curies":[{"name":"wp","href":"https:\/\/api.w.org\/{rel}","templated":true}]}}