{"id":24643,"date":"2020-12-17T10:30:13","date_gmt":"2020-12-17T08:30:13","guid":{"rendered":"https:\/\/ddt.lv\/lv\/product\/led-svece-projektors-sniegparslas-cw-2w-ip20-usb3xaaa-emos\/"},"modified":"2026-04-01T00:21:24","modified_gmt":"2026-03-31T21:21:24","slug":"led-svece-projektors-sniegparslas-cw-2w-ip20-usb3xaaa-emos","status":"publish","type":"product","link":"https:\/\/ddt.lv\/ru\/product\/led-svece-projektors-sniegparslas-cw-2w-ip20-usb3xaaa-emos\/","title":{"rendered":"(Latvie\u0161u) LED svece projektors Sniegp\u0101rslas CW 2W IP20 USB+3xAAA EMOS"},"content":{"rendered":"<p>Uz baterij\u0101m darbin\u0101ma LED svece projektors &#8211; sniegp\u0101rslas no EMOS.<\/p>\n","protected":false},"excerpt":{"rendered":"<p>Uz baterij\u0101m darbin\u0101ma LED svece projektors &#8211; sniegp\u0101rslas no EMOS.<\/p>\n","protected":false},"featured_media":24654,"comment_status":"closed","ping_status":"closed","template":"","meta":{"inline_featured_image":false},"product_cat":[913],"product_tag":[],"yst_prominent_words":[],"class_list":{"0":"post-24643","1":"product","2":"type-product","3":"status-publish","4":"has-post-thumbnail","6":"product_cat-iekstelpu-dekori-led-virtenes-un-dekoracijas","8":"first","9":"instock","10":"taxable","11":"shipping-taxable","12":"purchasable","13":"product-type-simple"},"jetpack_sharing_enabled":true,"_links":{"self":[{"href":"https:\/\/ddt.lv\/ru\/wp-json\/wp\/v2\/product\/24643"}],"collection":[{"href":"https:\/\/ddt.lv\/ru\/wp-json\/wp\/v2\/product"}],"about":[{"href":"https:\/\/ddt.lv\/ru\/wp-json\/wp\/v2\/types\/product"}],"replies":[{"embeddable":true,"href":"https:\/\/ddt.lv\/ru\/wp-json\/wp\/v2\/comments?post=24643"}],"wp:featuredmedia":[{"embeddable":true,"href":"https:\/\/ddt.lv\/ru\/wp-json\/wp\/v2\/media\/24654"}],"wp:attachment":[{"href":"https:\/\/ddt.lv\/ru\/wp-json\/wp\/v2\/media?parent=24643"}],"wp:term":[{"taxonomy":"product_cat","embeddable":true,"href":"https:\/\/ddt.lv\/ru\/wp-json\/wp\/v2\/product_cat?post=24643"},{"taxonomy":"product_tag","embeddable":true,"href":"https:\/\/ddt.lv\/ru\/wp-json\/wp\/v2\/product_tag?post=24643"},{"taxonomy":"yst_prominent_words","embeddable":true,"href":"https:\/\/ddt.lv\/ru\/wp-json\/wp\/v2\/yst_prominent_words?post=24643"}],"curies":[{"name":"wp","href":"https:\/\/api.w.org\/{rel}","templated":true}]}}