{"id":24395,"date":"2020-11-26T13:04:47","date_gmt":"2020-11-26T11:04:47","guid":{"rendered":"https:\/\/ddt.lv\/lv\/product\/led-virtene-emos-10led-0-6w-nano-stieple-wwtaimeris-ip20-1-2m-2xaa-2\/"},"modified":"2026-04-01T00:16:37","modified_gmt":"2026-03-31T21:16:37","slug":"led-virtene-emos-10led-0-6w-nano-stieple-wwtaimeris-ip20-1-2m-2xaa-2","status":"publish","type":"product","link":"https:\/\/ddt.lv\/ru\/product\/led-virtene-emos-10led-0-6w-nano-stieple-wwtaimeris-ip20-1-2m-2xaa-2\/","title":{"rendered":"(Latvie\u0161u) LED virtene EMOS 10LED 0.6W nano stieple CW,Taimeris, IP20, 1.2m, 2xAA"},"content":{"rendered":"<p>Iek\u0161telp\u0101m paredz\u0113ta LED nano stieple 0.6W sudraba kr\u0101s\u0101 ar taimeri.<\/p>\n","protected":false},"excerpt":{"rendered":"<p>Iek\u0161telp\u0101m paredz\u0113ta LED nano stieple 0.6W sudraba kr\u0101s\u0101 ar taimeri.<\/p>\n","protected":false},"featured_media":24396,"comment_status":"closed","ping_status":"closed","template":"","meta":{"inline_featured_image":false},"product_cat":[772,911],"product_tag":[],"yst_prominent_words":[],"class_list":{"0":"post-24395","1":"product","2":"type-product","3":"status-publish","4":"has-post-thumbnail","6":"product_cat-atlaides","7":"product_cat-iekstelpu-virtenes","9":"first","10":"instock","11":"sale","12":"taxable","13":"shipping-taxable","14":"purchasable","15":"product-type-simple"},"jetpack_sharing_enabled":true,"_links":{"self":[{"href":"https:\/\/ddt.lv\/ru\/wp-json\/wp\/v2\/product\/24395"}],"collection":[{"href":"https:\/\/ddt.lv\/ru\/wp-json\/wp\/v2\/product"}],"about":[{"href":"https:\/\/ddt.lv\/ru\/wp-json\/wp\/v2\/types\/product"}],"replies":[{"embeddable":true,"href":"https:\/\/ddt.lv\/ru\/wp-json\/wp\/v2\/comments?post=24395"}],"wp:featuredmedia":[{"embeddable":true,"href":"https:\/\/ddt.lv\/ru\/wp-json\/wp\/v2\/media\/24396"}],"wp:attachment":[{"href":"https:\/\/ddt.lv\/ru\/wp-json\/wp\/v2\/media?parent=24395"}],"wp:term":[{"taxonomy":"product_cat","embeddable":true,"href":"https:\/\/ddt.lv\/ru\/wp-json\/wp\/v2\/product_cat?post=24395"},{"taxonomy":"product_tag","embeddable":true,"href":"https:\/\/ddt.lv\/ru\/wp-json\/wp\/v2\/product_tag?post=24395"},{"taxonomy":"yst_prominent_words","embeddable":true,"href":"https:\/\/ddt.lv\/ru\/wp-json\/wp\/v2\/yst_prominent_words?post=24395"}],"curies":[{"name":"wp","href":"https:\/\/api.w.org\/{rel}","templated":true}]}}