{"id":24394,"date":"2020-11-26T13:04:47","date_gmt":"2020-11-26T11:04:47","guid":{"rendered":"https:\/\/ddt.lv\/lv\/product\/led-virtene-emos-10led-0-6w-nano-stieple-wwtaimeris-ip20-1-2m-2xaa\/"},"modified":"2026-04-13T09:56:30","modified_gmt":"2026-04-13T06:56:30","slug":"led-virtene-emos-10led-0-6w-nano-stieple-wwtaimeris-ip20-1-2m-2xaa","status":"publish","type":"product","link":"https:\/\/ddt.lv\/ru\/product\/latviesu-led-virtene-emos-10led-0-6w-nano-stieple-wwtaimeris-ip20-1-2m-2xaa\/","title":{"rendered":"\u0420\u043e\u0436\u0434\u0435\u0441\u0442\u0432\u0435\u043d\u0441\u043a\u0430\u044f \u0433\u0438\u0440\u043b\u044f\u043d\u0434\u0430 10LED 0.6W WW \u043c\u0435\u0434\u044c \u043d\u0430\u043d\u043e \u0441\u0442.+\u0422\u0430\u0439\u043c\u0435\u0440 IP20 1.2\u043c(2xAA)"},"content":{"rendered":"<p>Iek\u0161telp\u0101m paredz\u0113ta LED nano stieple 0.6W vara kr\u0101s\u0101 ar taimeri.<\/p>\n","protected":false},"excerpt":{"rendered":"<p>Iek\u0161telp\u0101m paredz\u0113ta LED nano stieple 0.6W vara kr\u0101s\u0101 ar taimeri.<\/p>\n","protected":false},"featured_media":24400,"comment_status":"closed","ping_status":"closed","template":"","meta":{"inline_featured_image":false},"product_cat":[772,911],"product_tag":[],"yst_prominent_words":[],"class_list":{"0":"post-24394","1":"product","2":"type-product","3":"status-publish","4":"has-post-thumbnail","6":"product_cat-atlaides","7":"product_cat-iekstelpu-virtenes","9":"first","10":"instock","11":"sale","12":"taxable","13":"shipping-taxable","14":"purchasable","15":"product-type-simple"},"jetpack_sharing_enabled":true,"_links":{"self":[{"href":"https:\/\/ddt.lv\/ru\/wp-json\/wp\/v2\/product\/24394"}],"collection":[{"href":"https:\/\/ddt.lv\/ru\/wp-json\/wp\/v2\/product"}],"about":[{"href":"https:\/\/ddt.lv\/ru\/wp-json\/wp\/v2\/types\/product"}],"replies":[{"embeddable":true,"href":"https:\/\/ddt.lv\/ru\/wp-json\/wp\/v2\/comments?post=24394"}],"wp:featuredmedia":[{"embeddable":true,"href":"https:\/\/ddt.lv\/ru\/wp-json\/wp\/v2\/media\/24400"}],"wp:attachment":[{"href":"https:\/\/ddt.lv\/ru\/wp-json\/wp\/v2\/media?parent=24394"}],"wp:term":[{"taxonomy":"product_cat","embeddable":true,"href":"https:\/\/ddt.lv\/ru\/wp-json\/wp\/v2\/product_cat?post=24394"},{"taxonomy":"product_tag","embeddable":true,"href":"https:\/\/ddt.lv\/ru\/wp-json\/wp\/v2\/product_tag?post=24394"},{"taxonomy":"yst_prominent_words","embeddable":true,"href":"https:\/\/ddt.lv\/ru\/wp-json\/wp\/v2\/yst_prominent_words?post=24394"}],"curies":[{"name":"wp","href":"https:\/\/api.w.org\/{rel}","templated":true}]}}