{"id":24317,"date":"2020-11-24T16:30:12","date_gmt":"2020-11-24T14:30:12","guid":{"rendered":"https:\/\/ddt.lv\/lv\/product\/24317\/"},"modified":"2026-04-13T09:57:32","modified_gmt":"2026-04-13T06:57:32","slug":"p3190","status":"publish","type":"product","link":"https:\/\/ddt.lv\/ru\/product\/p3190\/","title":{"rendered":"\u0421\u0432\u0435\u0442\u043e\u0434\u0438\u043e\u0434\u043d\u0430\u044f \u043b\u0430\u043c\u043f\u0430 ULTIBRIGHT 90 1200\u043b\u043c IP65 \u0430\u043a\u043a\u0443\u043c\u0443\u043b\u044f\u0442\u043e\u0440\u043d\u0430\u044f 5000\u043c\u0410\u0447, EMOS"},"content":{"rendered":"<p>Mitrumiztur\u012bgs, triecieniztur\u012bgs alum\u012bnija LED lukturis P3190 Ultibright 90 no EMOS.<br \/>\nPie pilnas uzl\u0101des luktura darb\u012bbas laiks ir l\u012bdz 11 stund\u0101m.<br \/>\nKomplekt\u0101 iek\u013cauts akumulators, USB C uzl\u0101des adapteris un maci\u0146\u0161 uzglab\u0101\u0161anai.<\/p>\n","protected":false},"excerpt":{"rendered":"<p>Mitrumiztur\u012bgs, triecieniztur\u012bgs alum\u012bnija LED lukturis P3190 Ultibright 90 no EMOS. Pie pilnas uzl\u0101des luktura darb\u012bbas laiks ir l\u012bdz 11 stund\u0101m. Komplekt\u0101 iek\u013cauts akumulators, USB C uzl\u0101des adapteris un maci\u0146\u0161 uzglab\u0101\u0161anai.<\/p>\n","protected":false},"featured_media":24320,"comment_status":"closed","ping_status":"closed","template":"","meta":{"inline_featured_image":false},"product_cat":[772,726],"product_tag":[],"yst_prominent_words":[],"class_list":{"0":"post-24317","1":"product","2":"type-product","3":"status-publish","4":"has-post-thumbnail","6":"product_cat-atlaides","7":"product_cat-kabatas","9":"first","10":"instock","11":"sale","12":"taxable","13":"shipping-taxable","14":"purchasable","15":"product-type-simple"},"jetpack_sharing_enabled":true,"_links":{"self":[{"href":"https:\/\/ddt.lv\/ru\/wp-json\/wp\/v2\/product\/24317"}],"collection":[{"href":"https:\/\/ddt.lv\/ru\/wp-json\/wp\/v2\/product"}],"about":[{"href":"https:\/\/ddt.lv\/ru\/wp-json\/wp\/v2\/types\/product"}],"replies":[{"embeddable":true,"href":"https:\/\/ddt.lv\/ru\/wp-json\/wp\/v2\/comments?post=24317"}],"wp:featuredmedia":[{"embeddable":true,"href":"https:\/\/ddt.lv\/ru\/wp-json\/wp\/v2\/media\/24320"}],"wp:attachment":[{"href":"https:\/\/ddt.lv\/ru\/wp-json\/wp\/v2\/media?parent=24317"}],"wp:term":[{"taxonomy":"product_cat","embeddable":true,"href":"https:\/\/ddt.lv\/ru\/wp-json\/wp\/v2\/product_cat?post=24317"},{"taxonomy":"product_tag","embeddable":true,"href":"https:\/\/ddt.lv\/ru\/wp-json\/wp\/v2\/product_tag?post=24317"},{"taxonomy":"yst_prominent_words","embeddable":true,"href":"https:\/\/ddt.lv\/ru\/wp-json\/wp\/v2\/yst_prominent_words?post=24317"}],"curies":[{"name":"wp","href":"https:\/\/api.w.org\/{rel}","templated":true}]}}