{"id":23920,"date":"2020-09-10T11:37:28","date_gmt":"2020-09-10T08:37:28","guid":{"rendered":"https:\/\/ddt.lv\/lv\/?post_type=product&#038;p=23920"},"modified":"2021-05-15T12:33:17","modified_gmt":"2021-05-15T09:33:17","slug":"lena-sulu-spiede-sage-the-big-squeeze-sjs700-sil","status":"publish","type":"product","link":"https:\/\/ddt.lv\/ru\/product\/lena-sulu-spiede-sage-the-big-squeeze-sjs700-sil\/","title":{"rendered":"(Latvie\u0161u) L\u0113n\u0101 sulu spiede SAGE the Big Squeeze\u2122 SJS700 SIL"},"content":{"rendered":"","protected":false},"excerpt":{"rendered":"","protected":false},"featured_media":23921,"comment_status":"open","ping_status":"closed","template":"","meta":{"inline_featured_image":false},"product_cat":[521,522,535],"product_tag":[],"yst_prominent_words":[],"class_list":{"0":"post-23920","1":"product","2":"type-product","3":"status-publish","4":"has-post-thumbnail","6":"product_cat-sadzives-tehnika","7":"product_cat-virtuves-tehnika","8":"product_cat-blenderimikserisulasspiedes","10":"first","11":"outofstock","12":"taxable","13":"shipping-taxable","14":"purchasable","15":"product-type-simple"},"jetpack_sharing_enabled":true,"_links":{"self":[{"href":"https:\/\/ddt.lv\/ru\/wp-json\/wp\/v2\/product\/23920"}],"collection":[{"href":"https:\/\/ddt.lv\/ru\/wp-json\/wp\/v2\/product"}],"about":[{"href":"https:\/\/ddt.lv\/ru\/wp-json\/wp\/v2\/types\/product"}],"replies":[{"embeddable":true,"href":"https:\/\/ddt.lv\/ru\/wp-json\/wp\/v2\/comments?post=23920"}],"wp:featuredmedia":[{"embeddable":true,"href":"https:\/\/ddt.lv\/ru\/wp-json\/wp\/v2\/media\/23921"}],"wp:attachment":[{"href":"https:\/\/ddt.lv\/ru\/wp-json\/wp\/v2\/media?parent=23920"}],"wp:term":[{"taxonomy":"product_cat","embeddable":true,"href":"https:\/\/ddt.lv\/ru\/wp-json\/wp\/v2\/product_cat?post=23920"},{"taxonomy":"product_tag","embeddable":true,"href":"https:\/\/ddt.lv\/ru\/wp-json\/wp\/v2\/product_tag?post=23920"},{"taxonomy":"yst_prominent_words","embeddable":true,"href":"https:\/\/ddt.lv\/ru\/wp-json\/wp\/v2\/yst_prominent_words?post=23920"}],"curies":[{"name":"wp","href":"https:\/\/api.w.org\/{rel}","templated":true}]}}