{"id":23913,"date":"2020-09-09T13:36:27","date_gmt":"2020-09-09T10:36:27","guid":{"rendered":"https:\/\/ddt.lv\/lv\/?post_type=product&#038;p=23913"},"modified":"2023-03-09T11:51:27","modified_gmt":"2023-03-09T09:51:27","slug":"tirisanas-tabletes-kafijas-automatiem-stollar-the-cafe-clean-scc100-10gb","status":"publish","type":"product","link":"https:\/\/ddt.lv\/ru\/product\/tirisanas-tabletes-kafijas-automatiem-stollar-the-cafe-clean-scc100-10gb\/","title":{"rendered":"(Latvie\u0161u) T\u012br\u012b\u0161anas tabletes kafijas autom\u0101tiem Stollar the Caf\u00e9 Clean SCC100 10gb."},"content":{"rendered":"","protected":false},"excerpt":{"rendered":"","protected":false},"featured_media":23915,"comment_status":"open","ping_status":"closed","template":"","meta":{"inline_featured_image":false},"product_cat":[521,522,938],"product_tag":[],"yst_prominent_words":[],"class_list":{"0":"post-23913","1":"product","2":"type-product","3":"status-publish","4":"has-post-thumbnail","6":"product_cat-sadzives-tehnika","7":"product_cat-virtuves-tehnika","8":"product_cat-kafijas-automati-un-piederumi","10":"first","11":"outofstock","12":"taxable","13":"shipping-taxable","14":"purchasable","15":"product-type-simple"},"jetpack_sharing_enabled":true,"_links":{"self":[{"href":"https:\/\/ddt.lv\/ru\/wp-json\/wp\/v2\/product\/23913"}],"collection":[{"href":"https:\/\/ddt.lv\/ru\/wp-json\/wp\/v2\/product"}],"about":[{"href":"https:\/\/ddt.lv\/ru\/wp-json\/wp\/v2\/types\/product"}],"replies":[{"embeddable":true,"href":"https:\/\/ddt.lv\/ru\/wp-json\/wp\/v2\/comments?post=23913"}],"wp:featuredmedia":[{"embeddable":true,"href":"https:\/\/ddt.lv\/ru\/wp-json\/wp\/v2\/media\/23915"}],"wp:attachment":[{"href":"https:\/\/ddt.lv\/ru\/wp-json\/wp\/v2\/media?parent=23913"}],"wp:term":[{"taxonomy":"product_cat","embeddable":true,"href":"https:\/\/ddt.lv\/ru\/wp-json\/wp\/v2\/product_cat?post=23913"},{"taxonomy":"product_tag","embeddable":true,"href":"https:\/\/ddt.lv\/ru\/wp-json\/wp\/v2\/product_tag?post=23913"},{"taxonomy":"yst_prominent_words","embeddable":true,"href":"https:\/\/ddt.lv\/ru\/wp-json\/wp\/v2\/yst_prominent_words?post=23913"}],"curies":[{"name":"wp","href":"https:\/\/api.w.org\/{rel}","templated":true}]}}