{"id":23898,"date":"2020-09-09T11:54:29","date_gmt":"2020-09-09T08:54:29","guid":{"rendered":"https:\/\/ddt.lv\/lv\/?post_type=product&#038;p=23898"},"modified":"2021-05-15T12:33:20","modified_gmt":"2021-05-15T09:33:20","slug":"atkalkosanas-lidzeklis-kafijas-automatiem-sage-the-descaler-ses007-ne","status":"publish","type":"product","link":"https:\/\/ddt.lv\/ru\/product\/atkalkosanas-lidzeklis-kafijas-automatiem-sage-the-descaler-ses007-ne\/","title":{"rendered":"(Latvie\u0161u) Atka\u013c\u0137o\u0161anas l\u012bdzeklis kafijas autom\u0101tiem SAGE the Descaler SES007 NE"},"content":{"rendered":"","protected":false},"excerpt":{"rendered":"","protected":false},"featured_media":23900,"comment_status":"open","ping_status":"closed","template":"","meta":{"inline_featured_image":false},"product_cat":[521,522,938],"product_tag":[],"yst_prominent_words":[],"class_list":{"0":"post-23898","1":"product","2":"type-product","3":"status-publish","4":"has-post-thumbnail","6":"product_cat-sadzives-tehnika","7":"product_cat-virtuves-tehnika","8":"product_cat-kafijas-automati-un-piederumi","10":"first","11":"outofstock","12":"taxable","13":"shipping-taxable","14":"purchasable","15":"product-type-simple"},"jetpack_sharing_enabled":true,"_links":{"self":[{"href":"https:\/\/ddt.lv\/ru\/wp-json\/wp\/v2\/product\/23898"}],"collection":[{"href":"https:\/\/ddt.lv\/ru\/wp-json\/wp\/v2\/product"}],"about":[{"href":"https:\/\/ddt.lv\/ru\/wp-json\/wp\/v2\/types\/product"}],"replies":[{"embeddable":true,"href":"https:\/\/ddt.lv\/ru\/wp-json\/wp\/v2\/comments?post=23898"}],"wp:featuredmedia":[{"embeddable":true,"href":"https:\/\/ddt.lv\/ru\/wp-json\/wp\/v2\/media\/23900"}],"wp:attachment":[{"href":"https:\/\/ddt.lv\/ru\/wp-json\/wp\/v2\/media?parent=23898"}],"wp:term":[{"taxonomy":"product_cat","embeddable":true,"href":"https:\/\/ddt.lv\/ru\/wp-json\/wp\/v2\/product_cat?post=23898"},{"taxonomy":"product_tag","embeddable":true,"href":"https:\/\/ddt.lv\/ru\/wp-json\/wp\/v2\/product_tag?post=23898"},{"taxonomy":"yst_prominent_words","embeddable":true,"href":"https:\/\/ddt.lv\/ru\/wp-json\/wp\/v2\/yst_prominent_words?post=23898"}],"curies":[{"name":"wp","href":"https:\/\/api.w.org\/{rel}","templated":true}]}}