{"id":23357,"date":"2020-07-13T14:06:42","date_gmt":"2020-07-13T11:06:42","guid":{"rendered":"https:\/\/ddt.lv\/lv\/product\/ventilators-gridas-45w-80-o43-cm-3-rez-100-122cm-entac\/"},"modified":"2026-04-13T09:57:22","modified_gmt":"2026-04-13T06:57:22","slug":"ventilators-gridas-45w-80-o43-cm-3-rez-100-122cm-entac","status":"publish","type":"product","link":"https:\/\/ddt.lv\/ru\/product\/ventilators-gridas-45w-80-o43-cm-3-rez-100-122cm-entac\/","title":{"rendered":"(Latvie\u0161u) Ventilators gr\u012bdas 45W 80\u00b0 \u00d843 cm 3 re\u017e. 100-122cm ENTAC"},"content":{"rendered":"<p>Gr\u012bdas ventilators no ra\u017eot\u0101ja Entac. 45W Jauda, apr\u012bkots ar 3 \u0101trumiem.<\/p>\n","protected":false},"excerpt":{"rendered":"<p>Gr\u012bdas ventilators no ra\u017eot\u0101ja Entac. 45W Jauda, apr\u012bkots ar 3 \u0101trumiem.<\/p>\n","protected":false},"featured_media":23361,"comment_status":"closed","ping_status":"closed","template":"","meta":{"inline_featured_image":false},"product_cat":[540],"product_tag":[],"yst_prominent_words":[],"class_list":{"0":"post-23357","1":"product","2":"type-product","3":"status-publish","4":"has-post-thumbnail","6":"product_cat-ventilatori-silditaji","8":"first","9":"outofstock","10":"taxable","11":"shipping-taxable","12":"purchasable","13":"product-type-simple"},"jetpack_sharing_enabled":true,"_links":{"self":[{"href":"https:\/\/ddt.lv\/ru\/wp-json\/wp\/v2\/product\/23357"}],"collection":[{"href":"https:\/\/ddt.lv\/ru\/wp-json\/wp\/v2\/product"}],"about":[{"href":"https:\/\/ddt.lv\/ru\/wp-json\/wp\/v2\/types\/product"}],"replies":[{"embeddable":true,"href":"https:\/\/ddt.lv\/ru\/wp-json\/wp\/v2\/comments?post=23357"}],"wp:featuredmedia":[{"embeddable":true,"href":"https:\/\/ddt.lv\/ru\/wp-json\/wp\/v2\/media\/23361"}],"wp:attachment":[{"href":"https:\/\/ddt.lv\/ru\/wp-json\/wp\/v2\/media?parent=23357"}],"wp:term":[{"taxonomy":"product_cat","embeddable":true,"href":"https:\/\/ddt.lv\/ru\/wp-json\/wp\/v2\/product_cat?post=23357"},{"taxonomy":"product_tag","embeddable":true,"href":"https:\/\/ddt.lv\/ru\/wp-json\/wp\/v2\/product_tag?post=23357"},{"taxonomy":"yst_prominent_words","embeddable":true,"href":"https:\/\/ddt.lv\/ru\/wp-json\/wp\/v2\/yst_prominent_words?post=23357"}],"curies":[{"name":"wp","href":"https:\/\/api.w.org\/{rel}","templated":true}]}}