{"id":23289,"date":"2020-06-29T10:35:39","date_gmt":"2020-06-29T07:35:39","guid":{"rendered":"https:\/\/ddt.lv\/lv\/product\/kafijas-dzrinavinas-edel-w150-unold\/"},"modified":"2026-04-06T10:55:30","modified_gmt":"2026-04-06T07:55:30","slug":"kafijas-dzrinavinas-edel-w150-unold","status":"publish","type":"product","link":"https:\/\/ddt.lv\/ru\/product\/kafijas-dzrinavinas-edel-w150-unold\/","title":{"rendered":"(Latvie\u0161u) Kafijas dzrinavi\u0146as EDEL W150 UNOLD"},"content":{"rendered":"<p>Kafijas dzirnavi\u0146as Edel no ra\u017eot\u0101ja Unold.\u00a0 No\u0146emamo pupi\u0146u tvertnes maksim\u0101l\u0101 ietilp\u012bba ir 250 grami, un no\u0146emam\u0101 sav\u0101k\u0161anas tvertne var satur\u0113t ne vair\u0101k k\u0101 100 gramus kafijas pulvera. Pupi\u0146u trauks un v\u0101ks ir dro\u0161i mazg\u0101jami ar\u012b trauku mazg\u0101jamaj\u0101 ma\u0161\u012bn\u0101.<\/p>\n","protected":false},"excerpt":{"rendered":"<p>Kafijas dzirnavi\u0146as Edel no ra\u017eot\u0101ja Unold.\u00a0 No\u0146emamo pupi\u0146u tvertnes maksim\u0101l\u0101 ietilp\u012bba ir 250 grami, un no\u0146emam\u0101 sav\u0101k\u0161anas tvertne var satur\u0113t ne vair\u0101k k\u0101 100 gramus kafijas pulvera. Pupi\u0146u trauks un v\u0101ks ir dro\u0161i mazg\u0101jami ar\u012b trauku mazg\u0101jamaj\u0101 ma\u0161\u012bn\u0101.<\/p>\n","protected":false},"featured_media":23305,"comment_status":"closed","ping_status":"closed","template":"","meta":{"inline_featured_image":false},"product_cat":[938],"product_tag":[],"yst_prominent_words":[],"class_list":{"0":"post-23289","1":"product","2":"type-product","3":"status-publish","4":"has-post-thumbnail","6":"product_cat-kafijas-automati-un-piederumi","8":"first","9":"outofstock","10":"taxable","11":"shipping-taxable","12":"purchasable","13":"product-type-simple"},"jetpack_sharing_enabled":true,"_links":{"self":[{"href":"https:\/\/ddt.lv\/ru\/wp-json\/wp\/v2\/product\/23289"}],"collection":[{"href":"https:\/\/ddt.lv\/ru\/wp-json\/wp\/v2\/product"}],"about":[{"href":"https:\/\/ddt.lv\/ru\/wp-json\/wp\/v2\/types\/product"}],"replies":[{"embeddable":true,"href":"https:\/\/ddt.lv\/ru\/wp-json\/wp\/v2\/comments?post=23289"}],"wp:featuredmedia":[{"embeddable":true,"href":"https:\/\/ddt.lv\/ru\/wp-json\/wp\/v2\/media\/23305"}],"wp:attachment":[{"href":"https:\/\/ddt.lv\/ru\/wp-json\/wp\/v2\/media?parent=23289"}],"wp:term":[{"taxonomy":"product_cat","embeddable":true,"href":"https:\/\/ddt.lv\/ru\/wp-json\/wp\/v2\/product_cat?post=23289"},{"taxonomy":"product_tag","embeddable":true,"href":"https:\/\/ddt.lv\/ru\/wp-json\/wp\/v2\/product_tag?post=23289"},{"taxonomy":"yst_prominent_words","embeddable":true,"href":"https:\/\/ddt.lv\/ru\/wp-json\/wp\/v2\/yst_prominent_words?post=23289"}],"curies":[{"name":"wp","href":"https:\/\/api.w.org\/{rel}","templated":true}]}}