{"id":23202,"date":"2020-06-16T12:16:07","date_gmt":"2020-06-16T09:16:07","guid":{"rendered":"https:\/\/ddt.lv\/lv\/product\/hbi-t-250w-5500k-e40-3a-tubulara-metalhalida-spuldze-holdbox\/"},"modified":"2026-04-08T14:27:39","modified_gmt":"2026-04-08T11:27:39","slug":"hbi-t-250w-5500k-e40-3a-tubulara-metalhalida-spuldze-holdbox","status":"publish","type":"product","link":"https:\/\/ddt.lv\/ru\/product\/hbi-t-250w-5500k-e40-3a-tubulara-metalhalida-spuldze-holdbox\/","title":{"rendered":"(Latvie\u0161u) HBI-T 250W 5500K E40 3A tubul\u0101r\u0101 met\u0101lhal\u012bda spuldze Holdbox"},"content":{"rendered":"","protected":false},"excerpt":{"rendered":"","protected":false},"featured_media":23214,"comment_status":"closed","ping_status":"closed","template":"","meta":{"inline_featured_image":false},"product_cat":[930],"product_tag":[],"yst_prominent_words":[],"class_list":{"0":"post-23202","1":"product","2":"type-product","3":"status-publish","4":"has-post-thumbnail","6":"product_cat-metalhalogena-spuldzes","8":"first","9":"instock","10":"taxable","11":"shipping-taxable","12":"purchasable","13":"product-type-simple"},"jetpack_sharing_enabled":true,"_links":{"self":[{"href":"https:\/\/ddt.lv\/ru\/wp-json\/wp\/v2\/product\/23202"}],"collection":[{"href":"https:\/\/ddt.lv\/ru\/wp-json\/wp\/v2\/product"}],"about":[{"href":"https:\/\/ddt.lv\/ru\/wp-json\/wp\/v2\/types\/product"}],"replies":[{"embeddable":true,"href":"https:\/\/ddt.lv\/ru\/wp-json\/wp\/v2\/comments?post=23202"}],"wp:featuredmedia":[{"embeddable":true,"href":"https:\/\/ddt.lv\/ru\/wp-json\/wp\/v2\/media\/23214"}],"wp:attachment":[{"href":"https:\/\/ddt.lv\/ru\/wp-json\/wp\/v2\/media?parent=23202"}],"wp:term":[{"taxonomy":"product_cat","embeddable":true,"href":"https:\/\/ddt.lv\/ru\/wp-json\/wp\/v2\/product_cat?post=23202"},{"taxonomy":"product_tag","embeddable":true,"href":"https:\/\/ddt.lv\/ru\/wp-json\/wp\/v2\/product_tag?post=23202"},{"taxonomy":"yst_prominent_words","embeddable":true,"href":"https:\/\/ddt.lv\/ru\/wp-json\/wp\/v2\/yst_prominent_words?post=23202"}],"curies":[{"name":"wp","href":"https:\/\/api.w.org\/{rel}","templated":true}]}}