{"id":23197,"date":"2020-06-16T12:16:05","date_gmt":"2020-06-16T09:16:05","guid":{"rendered":"https:\/\/ddt.lv\/lv\/product\/metalhalida-spuldze-hci-tc-70w-942-g8-5-ndl-osram-de-luxe\/"},"modified":"2026-04-08T14:27:21","modified_gmt":"2026-04-08T11:27:21","slug":"metalhalida-spuldze-hci-tc-70w-942-g8-5-ndl-osram-de-luxe","status":"publish","type":"product","link":"https:\/\/ddt.lv\/ru\/product\/metalhalida-spuldze-hci-tc-70w-942-g8-5-ndl-osram-de-luxe\/","title":{"rendered":"(Latvie\u0161u) Met\u0101lhal\u012bda spuldze HCI-TC 70W\/942 G8.5 NDL OSRAM DE LUXE"},"content":{"rendered":"","protected":false},"excerpt":{"rendered":"","protected":false},"featured_media":23219,"comment_status":"closed","ping_status":"closed","template":"","meta":{"inline_featured_image":false},"product_cat":[930],"product_tag":[],"yst_prominent_words":[],"class_list":{"0":"post-23197","1":"product","2":"type-product","3":"status-publish","4":"has-post-thumbnail","6":"product_cat-metalhalogena-spuldzes","8":"first","9":"outofstock","10":"taxable","11":"shipping-taxable","12":"purchasable","13":"product-type-simple"},"jetpack_sharing_enabled":true,"_links":{"self":[{"href":"https:\/\/ddt.lv\/ru\/wp-json\/wp\/v2\/product\/23197"}],"collection":[{"href":"https:\/\/ddt.lv\/ru\/wp-json\/wp\/v2\/product"}],"about":[{"href":"https:\/\/ddt.lv\/ru\/wp-json\/wp\/v2\/types\/product"}],"replies":[{"embeddable":true,"href":"https:\/\/ddt.lv\/ru\/wp-json\/wp\/v2\/comments?post=23197"}],"wp:featuredmedia":[{"embeddable":true,"href":"https:\/\/ddt.lv\/ru\/wp-json\/wp\/v2\/media\/23219"}],"wp:attachment":[{"href":"https:\/\/ddt.lv\/ru\/wp-json\/wp\/v2\/media?parent=23197"}],"wp:term":[{"taxonomy":"product_cat","embeddable":true,"href":"https:\/\/ddt.lv\/ru\/wp-json\/wp\/v2\/product_cat?post=23197"},{"taxonomy":"product_tag","embeddable":true,"href":"https:\/\/ddt.lv\/ru\/wp-json\/wp\/v2\/product_tag?post=23197"},{"taxonomy":"yst_prominent_words","embeddable":true,"href":"https:\/\/ddt.lv\/ru\/wp-json\/wp\/v2\/yst_prominent_words?post=23197"}],"curies":[{"name":"wp","href":"https:\/\/api.w.org\/{rel}","templated":true}]}}