{"id":23192,"date":"2020-06-16T12:16:03","date_gmt":"2020-06-16T09:16:03","guid":{"rendered":"https:\/\/ddt.lv\/lv\/product\/metalhalida-spuldze-cmi-t-150w-wdl-sylvania\/"},"modified":"2026-04-08T14:26:09","modified_gmt":"2026-04-08T11:26:09","slug":"metalhalida-spuldze-cmi-t-150w-wdl-sylvania","status":"publish","type":"product","link":"https:\/\/ddt.lv\/ru\/product\/latviesu-metalhalida-spuldze-cmi-t-150w-wdl-sylvania\/","title":{"rendered":"(Latvie\u0161u) Met\u0101lhal\u012bda spuldze CMI-T 150W WDL Sylvania"},"content":{"rendered":"","protected":false},"excerpt":{"rendered":"","protected":false},"featured_media":23216,"comment_status":"closed","ping_status":"closed","template":"","meta":{"inline_featured_image":false},"product_cat":[930],"product_tag":[],"yst_prominent_words":[],"class_list":{"0":"post-23192","1":"product","2":"type-product","3":"status-publish","4":"has-post-thumbnail","6":"product_cat-metalhalogena-spuldzes","8":"first","9":"instock","10":"taxable","11":"shipping-taxable","12":"purchasable","13":"product-type-simple"},"jetpack_sharing_enabled":true,"_links":{"self":[{"href":"https:\/\/ddt.lv\/ru\/wp-json\/wp\/v2\/product\/23192"}],"collection":[{"href":"https:\/\/ddt.lv\/ru\/wp-json\/wp\/v2\/product"}],"about":[{"href":"https:\/\/ddt.lv\/ru\/wp-json\/wp\/v2\/types\/product"}],"replies":[{"embeddable":true,"href":"https:\/\/ddt.lv\/ru\/wp-json\/wp\/v2\/comments?post=23192"}],"wp:featuredmedia":[{"embeddable":true,"href":"https:\/\/ddt.lv\/ru\/wp-json\/wp\/v2\/media\/23216"}],"wp:attachment":[{"href":"https:\/\/ddt.lv\/ru\/wp-json\/wp\/v2\/media?parent=23192"}],"wp:term":[{"taxonomy":"product_cat","embeddable":true,"href":"https:\/\/ddt.lv\/ru\/wp-json\/wp\/v2\/product_cat?post=23192"},{"taxonomy":"product_tag","embeddable":true,"href":"https:\/\/ddt.lv\/ru\/wp-json\/wp\/v2\/product_tag?post=23192"},{"taxonomy":"yst_prominent_words","embeddable":true,"href":"https:\/\/ddt.lv\/ru\/wp-json\/wp\/v2\/yst_prominent_words?post=23192"}],"curies":[{"name":"wp","href":"https:\/\/api.w.org\/{rel}","templated":true}]}}