{"id":23157,"date":"2020-06-12T10:04:31","date_gmt":"2020-06-12T07:04:31","guid":{"rendered":"https:\/\/ddt.lv\/lv\/product\/olu-varitajs-edel-1-7-olas-unold\/"},"modified":"2026-04-08T14:36:44","modified_gmt":"2026-04-08T11:36:44","slug":"olu-varitajs-edel-1-7-olas-unold","status":"publish","type":"product","link":"https:\/\/ddt.lv\/ru\/product\/olu-varitajs-edel-1-7-olas-unold\/","title":{"rendered":"(Latvie\u0161u) Olu v\u0101r\u012bt\u0101js EDEL 1-7 olas UNOLD"},"content":{"rendered":"<p>Olu v\u0101r\u012bt\u0101js ar 7 olu viet\u0101m no ra\u017eot\u0101ja Unold.<\/p>\n","protected":false},"excerpt":{"rendered":"<p>Olu v\u0101r\u012bt\u0101js ar 7 olu viet\u0101m no ra\u017eot\u0101ja Unold.<\/p>\n","protected":false},"featured_media":23159,"comment_status":"closed","ping_status":"closed","template":"","meta":{"inline_featured_image":false},"product_cat":[534],"product_tag":[],"yst_prominent_words":[],"class_list":{"0":"post-23157","1":"product","2":"type-product","3":"status-publish","4":"has-post-thumbnail","6":"product_cat-dazadi","8":"first","9":"instock","10":"taxable","11":"shipping-taxable","12":"purchasable","13":"product-type-simple"},"jetpack_sharing_enabled":true,"_links":{"self":[{"href":"https:\/\/ddt.lv\/ru\/wp-json\/wp\/v2\/product\/23157"}],"collection":[{"href":"https:\/\/ddt.lv\/ru\/wp-json\/wp\/v2\/product"}],"about":[{"href":"https:\/\/ddt.lv\/ru\/wp-json\/wp\/v2\/types\/product"}],"replies":[{"embeddable":true,"href":"https:\/\/ddt.lv\/ru\/wp-json\/wp\/v2\/comments?post=23157"}],"wp:featuredmedia":[{"embeddable":true,"href":"https:\/\/ddt.lv\/ru\/wp-json\/wp\/v2\/media\/23159"}],"wp:attachment":[{"href":"https:\/\/ddt.lv\/ru\/wp-json\/wp\/v2\/media?parent=23157"}],"wp:term":[{"taxonomy":"product_cat","embeddable":true,"href":"https:\/\/ddt.lv\/ru\/wp-json\/wp\/v2\/product_cat?post=23157"},{"taxonomy":"product_tag","embeddable":true,"href":"https:\/\/ddt.lv\/ru\/wp-json\/wp\/v2\/product_tag?post=23157"},{"taxonomy":"yst_prominent_words","embeddable":true,"href":"https:\/\/ddt.lv\/ru\/wp-json\/wp\/v2\/yst_prominent_words?post=23157"}],"curies":[{"name":"wp","href":"https:\/\/api.w.org\/{rel}","templated":true}]}}