{"id":22769,"date":"2020-05-25T12:25:13","date_gmt":"2020-05-25T09:25:13","guid":{"rendered":"https:\/\/ddt.lv\/lv\/product\/ara-pagarinatajs-ar-sl-4-5m-a-z-3x1-5-ip44-sark-melns-emos\/"},"modified":"2026-04-13T09:57:15","modified_gmt":"2026-04-13T06:57:15","slug":"ara-pagarinatajs-ar-sl-4-5m-a-z-3x1-5-ip44-sark-melns-emos","status":"publish","type":"product","link":"https:\/\/ddt.lv\/ru\/product\/ara-pagarinatajs-ar-sl-4-5m-a-z-3x1-5-ip44-sark-melns-emos\/","title":{"rendered":"\u041d\u0430\u0440\u0443\u0436\u043d\u044b\u0439 \u0443\u0434\u043b\u0438\u043d\u0438\u0442\u0435\u043b\u044c \u0441 \u0441\u043b. 4\/5\u043c \u0430\/\u0437 3&#215;1.5 IP44 \u043a\u0440\u0430\u0441\u043d\u044b\u0439\/\u0447\u0435\u0440\u043d\u044b\u0439 EMOS"},"content":{"rendered":"<p>Atvainojiet, inform\u0101cija tiek papildin\u0101ta. Ja rodas jaut\u0101jumi par k\u0101du no produktiem, dro\u0161i, sazinieties ar mums!<\/p>\n","protected":false},"excerpt":{"rendered":"<p>Atvainojiet, inform\u0101cija tiek papildin\u0101ta. Ja rodas jaut\u0101jumi par k\u0101du no produktiem, dro\u0161i, sazinieties ar mums!<\/p>\n","protected":false},"featured_media":22774,"comment_status":"closed","ping_status":"closed","template":"","meta":{"inline_featured_image":false},"product_cat":[746],"product_tag":[],"yst_prominent_words":[],"class_list":{"0":"post-22769","1":"product","2":"type-product","3":"status-publish","4":"has-post-thumbnail","6":"product_cat-pagarinataji-pagarinataji-un-sadalitaji","8":"first","9":"instock","10":"taxable","11":"shipping-taxable","12":"purchasable","13":"product-type-simple"},"jetpack_sharing_enabled":true,"_links":{"self":[{"href":"https:\/\/ddt.lv\/ru\/wp-json\/wp\/v2\/product\/22769"}],"collection":[{"href":"https:\/\/ddt.lv\/ru\/wp-json\/wp\/v2\/product"}],"about":[{"href":"https:\/\/ddt.lv\/ru\/wp-json\/wp\/v2\/types\/product"}],"replies":[{"embeddable":true,"href":"https:\/\/ddt.lv\/ru\/wp-json\/wp\/v2\/comments?post=22769"}],"wp:featuredmedia":[{"embeddable":true,"href":"https:\/\/ddt.lv\/ru\/wp-json\/wp\/v2\/media\/22774"}],"wp:attachment":[{"href":"https:\/\/ddt.lv\/ru\/wp-json\/wp\/v2\/media?parent=22769"}],"wp:term":[{"taxonomy":"product_cat","embeddable":true,"href":"https:\/\/ddt.lv\/ru\/wp-json\/wp\/v2\/product_cat?post=22769"},{"taxonomy":"product_tag","embeddable":true,"href":"https:\/\/ddt.lv\/ru\/wp-json\/wp\/v2\/product_tag?post=22769"},{"taxonomy":"yst_prominent_words","embeddable":true,"href":"https:\/\/ddt.lv\/ru\/wp-json\/wp\/v2\/yst_prominent_words?post=22769"}],"curies":[{"name":"wp","href":"https:\/\/api.w.org\/{rel}","templated":true}]}}