{"id":22675,"date":"2020-04-23T15:14:28","date_gmt":"2020-04-23T12:14:28","guid":{"rendered":"https:\/\/ddt.lv\/lv\/product\/cr1-3n-baterija-litija-3v-varta\/"},"modified":"2026-04-06T10:47:22","modified_gmt":"2026-04-06T07:47:22","slug":"cr1-3n-baterija-litija-3v-varta","status":"publish","type":"product","link":"https:\/\/ddt.lv\/ru\/product\/latviesu-cr1-3n-baterija-litija-3v-varta-1gb\/","title":{"rendered":"CR1\/3N \u0411\u0430\u0442\u0430\u0440\u0435\u044f \u041b\u0438\u0442\u0438\u0435\u0432\u0430\u044f 3V VARTA 1\u0448\u0442."},"content":{"rendered":"<p>Uzticamas, ilgi kalpojo\u0161as litija baterijas no ra\u017eot\u0101ja Varta. Nodro\u0161ina lielu jaudu \u012bs\u0101 mirkl\u012b. Lieliski piem\u0113rotas m\u016bsdienu viedaj\u0101m m\u0101j\u0101m, dro\u0161\u012bbam ier\u012bc\u0113m, foto apr\u012bkojumam, zibspuldz\u0113m un cit\u0101m iek\u0101rt\u0101m.<\/p>\n","protected":false},"excerpt":{"rendered":"<p>Uzticamas, ilgi kalpojo\u0161as litija baterijas no ra\u017eot\u0101ja Varta. Nodro\u0161ina lielu jaudu \u012bs\u0101 mirkl\u012b. Lieliski piem\u0113rotas m\u016bsdienu viedaj\u0101m m\u0101j\u0101m, dro\u0161\u012bbam ier\u012bc\u0113m, foto apr\u012bkojumam, zibspuldz\u0113m un cit\u0101m iek\u0101rt\u0101m.<\/p>\n","protected":false},"featured_media":33996,"comment_status":"closed","ping_status":"closed","template":"","meta":{"inline_featured_image":false},"product_cat":[772,449],"product_tag":[],"yst_prominent_words":[],"class_list":{"0":"post-22675","1":"product","2":"type-product","3":"status-publish","4":"has-post-thumbnail","6":"product_cat-atlaides","7":"product_cat-foto-litijs","9":"first","10":"instock","11":"sale","12":"taxable","13":"shipping-taxable","14":"purchasable","15":"product-type-simple"},"jetpack_sharing_enabled":true,"_links":{"self":[{"href":"https:\/\/ddt.lv\/ru\/wp-json\/wp\/v2\/product\/22675"}],"collection":[{"href":"https:\/\/ddt.lv\/ru\/wp-json\/wp\/v2\/product"}],"about":[{"href":"https:\/\/ddt.lv\/ru\/wp-json\/wp\/v2\/types\/product"}],"replies":[{"embeddable":true,"href":"https:\/\/ddt.lv\/ru\/wp-json\/wp\/v2\/comments?post=22675"}],"wp:featuredmedia":[{"embeddable":true,"href":"https:\/\/ddt.lv\/ru\/wp-json\/wp\/v2\/media\/33996"}],"wp:attachment":[{"href":"https:\/\/ddt.lv\/ru\/wp-json\/wp\/v2\/media?parent=22675"}],"wp:term":[{"taxonomy":"product_cat","embeddable":true,"href":"https:\/\/ddt.lv\/ru\/wp-json\/wp\/v2\/product_cat?post=22675"},{"taxonomy":"product_tag","embeddable":true,"href":"https:\/\/ddt.lv\/ru\/wp-json\/wp\/v2\/product_tag?post=22675"},{"taxonomy":"yst_prominent_words","embeddable":true,"href":"https:\/\/ddt.lv\/ru\/wp-json\/wp\/v2\/yst_prominent_words?post=22675"}],"curies":[{"name":"wp","href":"https:\/\/api.w.org\/{rel}","templated":true}]}}