{"id":22559,"date":"2020-04-17T14:32:17","date_gmt":"2020-04-17T11:32:17","guid":{"rendered":"https:\/\/ddt.lv\/lv\/product\/led-gls-a60-clear-e27-7w-240v-806lm-4000k-sylvania-spuldze\/"},"modified":"2026-04-06T10:57:05","modified_gmt":"2026-04-06T07:57:05","slug":"led-gls-a60-clear-e27-7w-240v-806lm-4000k-sylvania-spuldze","status":"publish","type":"product","link":"https:\/\/ddt.lv\/ru\/product\/latviesu-led-spuldze-sylvania-gls-a60-filamenta-clear-e27-7w-240v-806lm-4000k\/","title":{"rendered":"(Latvie\u0161u) LED spuldze Sylvania GLS A60 filamenta Clear E27 7W 240V 806lm 4000K"},"content":{"rendered":"<p>Sylvania m\u0101ksl\u012bgais apgaismojums ir veidots, izmantojot vair\u0101k nek\u0101 gadsimta pieredzi lampu un gaismek\u013cu jom\u0101, un ir vado\u0161ais pat\u0113r\u0113t\u0101ja, profesion\u0101la un arhitekt\u016bras apgaismojuma risin\u0101jumu pieg\u0101d\u0101t\u0101js. Sylvania ne tikai projekt\u0113, izgatavo un uzst\u0101da apgaismes risin\u0101jumus, bet ar\u012b virza tehnolo\u0123iju robe\u017eas un cen\u0161amas ieviest jaunin\u0101jumus vis\u0101, ko dara.<\/p>\n","protected":false},"excerpt":{"rendered":"<p>Sylvania m\u0101ksl\u012bgais apgaismojums ir veidots, izmantojot vair\u0101k nek\u0101 gadsimta pieredzi lampu un gaismek\u013cu jom\u0101, un ir vado\u0161ais pat\u0113r\u0113t\u0101ja, profesion\u0101la un arhitekt\u016bras apgaismojuma risin\u0101jumu pieg\u0101d\u0101t\u0101js. Sylvania ne tikai projekt\u0113, izgatavo un uzst\u0101da apgaismes risin\u0101jumus, bet ar\u012b virza tehnolo\u0123iju robe\u017eas un cen\u0161amas ieviest jaunin\u0101jumus vis\u0101, ko dara.<\/p>\n","protected":false},"featured_media":22627,"comment_status":"closed","ping_status":"closed","template":"","meta":{"inline_featured_image":false},"product_cat":[925],"product_tag":[],"yst_prominent_words":[],"class_list":{"0":"post-22559","1":"product","2":"type-product","3":"status-publish","4":"has-post-thumbnail","6":"product_cat-filament-tipa-spuldzes","8":"first","9":"instock","10":"taxable","11":"shipping-taxable","12":"purchasable","13":"product-type-simple"},"jetpack_sharing_enabled":true,"_links":{"self":[{"href":"https:\/\/ddt.lv\/ru\/wp-json\/wp\/v2\/product\/22559"}],"collection":[{"href":"https:\/\/ddt.lv\/ru\/wp-json\/wp\/v2\/product"}],"about":[{"href":"https:\/\/ddt.lv\/ru\/wp-json\/wp\/v2\/types\/product"}],"replies":[{"embeddable":true,"href":"https:\/\/ddt.lv\/ru\/wp-json\/wp\/v2\/comments?post=22559"}],"wp:featuredmedia":[{"embeddable":true,"href":"https:\/\/ddt.lv\/ru\/wp-json\/wp\/v2\/media\/22627"}],"wp:attachment":[{"href":"https:\/\/ddt.lv\/ru\/wp-json\/wp\/v2\/media?parent=22559"}],"wp:term":[{"taxonomy":"product_cat","embeddable":true,"href":"https:\/\/ddt.lv\/ru\/wp-json\/wp\/v2\/product_cat?post=22559"},{"taxonomy":"product_tag","embeddable":true,"href":"https:\/\/ddt.lv\/ru\/wp-json\/wp\/v2\/product_tag?post=22559"},{"taxonomy":"yst_prominent_words","embeddable":true,"href":"https:\/\/ddt.lv\/ru\/wp-json\/wp\/v2\/yst_prominent_words?post=22559"}],"curies":[{"name":"wp","href":"https:\/\/api.w.org\/{rel}","templated":true}]}}