{"id":22440,"date":"2020-04-14T12:07:06","date_gmt":"2020-04-14T09:07:06","guid":{"rendered":"https:\/\/ddt.lv\/lv\/product\/elektriskais-bbq-grils-russell-hobbs-fiesta-quatuor\/"},"modified":"2026-04-08T14:36:15","modified_gmt":"2026-04-08T11:36:15","slug":"elektriskais-bbq-grils-russell-hobbs-fiesta-quatuor","status":"publish","type":"product","link":"https:\/\/ddt.lv\/ru\/product\/latviesu-elektriskais-bbq-grils-8-personam-russell-hobbs-raclette-fiesta\/","title":{"rendered":"\u042d\u043b\u0435\u043a\u0442\u0440\u0438\u0447\u0435\u0441\u043a\u0438\u0439 \u0433\u0440\u0438\u043b\u044c-\u0431\u0430\u0440\u0431\u0435\u043a\u044e RACLETTE 8pers. \u0420\u0430\u0441\u0441\u0435\u043b \u0425\u043e\u0431\u0431\u0441 \u0424\u0418\u0415\u0421\u0422\u0410"},"content":{"rendered":"<p>\u0112dienu gatavo\u0161ana kop\u0101 k\u013c\u016bst arvien popul\u0101r\u0101ka, jo \u0113diena gatavo\u0161ana ir \u012bpa\u0161a pieredze baudot to tikai kop\u0101 ar k\u0101du. Fiesta Multi-Raclette no ra\u017eot\u0101ja Russell Hobbs sp\u0113j padar\u012bt vakari\u0146u ball\u012bti unik\u0101lu!<\/p>\n","protected":false},"excerpt":{"rendered":"<p>\u0112dienu gatavo\u0161ana kop\u0101 k\u013c\u016bst arvien popul\u0101r\u0101ka, jo \u0113diena gatavo\u0161ana ir \u012bpa\u0161a pieredze baudot to tikai kop\u0101 ar k\u0101du. Fiesta Multi-Raclette no ra\u017eot\u0101ja Russell Hobbs sp\u0113j padar\u012bt vakari\u0146u ball\u012bti unik\u0101lu!<\/p>\n","protected":false},"featured_media":22447,"comment_status":"closed","ping_status":"closed","template":"","meta":{"inline_featured_image":false},"product_cat":[1584,772],"product_tag":[],"yst_prominent_words":[],"class_list":{"0":"post-22440","1":"product","2":"type-product","3":"status-publish","4":"has-post-thumbnail","6":"product_cat-grilli-gazes-plitinas-degli","7":"product_cat-atlaides","9":"first","10":"instock","11":"sale","12":"taxable","13":"shipping-taxable","14":"purchasable","15":"product-type-simple"},"jetpack_sharing_enabled":true,"_links":{"self":[{"href":"https:\/\/ddt.lv\/ru\/wp-json\/wp\/v2\/product\/22440"}],"collection":[{"href":"https:\/\/ddt.lv\/ru\/wp-json\/wp\/v2\/product"}],"about":[{"href":"https:\/\/ddt.lv\/ru\/wp-json\/wp\/v2\/types\/product"}],"replies":[{"embeddable":true,"href":"https:\/\/ddt.lv\/ru\/wp-json\/wp\/v2\/comments?post=22440"}],"wp:featuredmedia":[{"embeddable":true,"href":"https:\/\/ddt.lv\/ru\/wp-json\/wp\/v2\/media\/22447"}],"wp:attachment":[{"href":"https:\/\/ddt.lv\/ru\/wp-json\/wp\/v2\/media?parent=22440"}],"wp:term":[{"taxonomy":"product_cat","embeddable":true,"href":"https:\/\/ddt.lv\/ru\/wp-json\/wp\/v2\/product_cat?post=22440"},{"taxonomy":"product_tag","embeddable":true,"href":"https:\/\/ddt.lv\/ru\/wp-json\/wp\/v2\/product_tag?post=22440"},{"taxonomy":"yst_prominent_words","embeddable":true,"href":"https:\/\/ddt.lv\/ru\/wp-json\/wp\/v2\/yst_prominent_words?post=22440"}],"curies":[{"name":"wp","href":"https:\/\/api.w.org\/{rel}","templated":true}]}}