{"id":22371,"date":"2020-04-03T14:56:14","date_gmt":"2020-04-03T11:56:14","guid":{"rendered":"https:\/\/ddt.lv\/lv\/product\/lcd-digital-bateriju-testeris-varta\/"},"modified":"2026-04-06T10:47:50","modified_gmt":"2026-04-06T07:47:50","slug":"lcd-digital-bateriju-testeris-varta","status":"publish","type":"product","link":"https:\/\/ddt.lv\/ru\/product\/lcd-digital-bateriju-testeris-varta\/","title":{"rendered":"LCD \u0426\u0438\u0444\u0440\u043e\u0432\u043e\u0439 \u0442\u0435\u0441\u0442\u0435\u0440 \u0430\u043a\u043a\u0443\u043c\u0443\u043b\u044f\u0442\u043e\u0440\u043e\u0432 VARTA"},"content":{"rendered":"<p>Praktisks un vienk\u0101r\u0161i lietojams bateriju testeris no ra\u017eot\u0101ja VARTA.<\/p>\n","protected":false},"excerpt":{"rendered":"<p>Praktisks un vienk\u0101r\u0161i lietojams bateriju testeris no ra\u017eot\u0101ja VARTA.<\/p>\n","protected":false},"featured_media":22373,"comment_status":"closed","ping_status":"closed","template":"","meta":{"inline_featured_image":false},"product_cat":[1131],"product_tag":[],"yst_prominent_words":[],"class_list":{"0":"post-22371","1":"product","2":"type-product","3":"status-publish","4":"has-post-thumbnail","6":"product_cat-bateriju-testeri","8":"first","9":"instock","10":"taxable","11":"shipping-taxable","12":"purchasable","13":"product-type-simple"},"jetpack_sharing_enabled":true,"_links":{"self":[{"href":"https:\/\/ddt.lv\/ru\/wp-json\/wp\/v2\/product\/22371"}],"collection":[{"href":"https:\/\/ddt.lv\/ru\/wp-json\/wp\/v2\/product"}],"about":[{"href":"https:\/\/ddt.lv\/ru\/wp-json\/wp\/v2\/types\/product"}],"replies":[{"embeddable":true,"href":"https:\/\/ddt.lv\/ru\/wp-json\/wp\/v2\/comments?post=22371"}],"wp:featuredmedia":[{"embeddable":true,"href":"https:\/\/ddt.lv\/ru\/wp-json\/wp\/v2\/media\/22373"}],"wp:attachment":[{"href":"https:\/\/ddt.lv\/ru\/wp-json\/wp\/v2\/media?parent=22371"}],"wp:term":[{"taxonomy":"product_cat","embeddable":true,"href":"https:\/\/ddt.lv\/ru\/wp-json\/wp\/v2\/product_cat?post=22371"},{"taxonomy":"product_tag","embeddable":true,"href":"https:\/\/ddt.lv\/ru\/wp-json\/wp\/v2\/product_tag?post=22371"},{"taxonomy":"yst_prominent_words","embeddable":true,"href":"https:\/\/ddt.lv\/ru\/wp-json\/wp\/v2\/yst_prominent_words?post=22371"}],"curies":[{"name":"wp","href":"https:\/\/api.w.org\/{rel}","templated":true}]}}