{"id":22305,"date":"2020-03-24T09:55:39","date_gmt":"2020-03-24T07:55:39","guid":{"rendered":"https:\/\/ddt.lv\/lv\/product\/57685-lcd-ultra-fast-ladejama-ierice-4xaa-2100mah12v-varta\/"},"modified":"2026-04-08T14:02:25","modified_gmt":"2026-04-08T11:02:25","slug":"57685-lcd-ultra-fast-ladejama-ierice-4xaa-2100mah12v-varta","status":"publish","type":"product","link":"https:\/\/ddt.lv\/ru\/product\/57685-lcd-ultra-fast-ladejama-ierice-4xaa-2100mah12v-varta\/","title":{"rendered":"57685 \u0417\u0430\u0440\u044f\u0434\u043d\u043e\u0435 \u0443\u0441\u0442\u0440\u043e\u0439\u0441\u0442\u0432\u043e \u0434\u043b\u044f \u0430\u043a\u043a\u0443\u043c\u0443\u043b\u044f\u0442\u043e\u0440\u043e\u0432 VARTA LCD Ultra Fast+ \u0441 \u0437\u0430\u0440\u044f\u0434\u043a\u043e\u0439 12\u0412, 4 \u0448\u0442. \u0410\u0410 2100 \u043c\u0410\u0447"},"content":{"rendered":"<p>Varta LCD Ultra fast charger+ sp\u0113j uzl\u0101d\u0113t akumulatora tipa baterijas ar ener\u0123iju 15 min\u016bt\u0113s! Tr\u012bs da\u017e\u0101di uzl\u0101des re\u017e\u012bmi, inteli\u0123enta uzl\u0101des p\u0101rtrauk\u0161ana un visaptvero\u0161as dro\u0161\u012bbas funkcijas papildina LCD Ultra fast charger+l\u0101d\u0113t\u0101ju, lai tas b\u016btu J\u016bsu pal\u012bgs ilgus gadus.<\/p>\n","protected":false},"excerpt":{"rendered":"<p>Varta LCD Ultra fast charger+ sp\u0113j uzl\u0101d\u0113t akumulatora tipa baterijas ar ener\u0123iju 15 min\u016bt\u0113s! Tr\u012bs da\u017e\u0101di uzl\u0101des re\u017e\u012bmi, inteli\u0123enta uzl\u0101des p\u0101rtrauk\u0161ana un visaptvero\u0161as dro\u0161\u012bbas funkcijas papildina LCD Ultra fast charger+l\u0101d\u0113t\u0101ju, lai tas b\u016btu J\u016bsu pal\u012bgs ilgus gadus.<\/p>\n","protected":false},"featured_media":22327,"comment_status":"closed","ping_status":"closed","template":"","meta":{"inline_featured_image":false},"product_cat":[772,453],"product_tag":[],"yst_prominent_words":[],"class_list":{"0":"post-22305","1":"product","2":"type-product","3":"status-publish","4":"has-post-thumbnail","6":"product_cat-atlaides","7":"product_cat-ladesanas-ierices","9":"first","10":"instock","11":"sale","12":"taxable","13":"shipping-taxable","14":"purchasable","15":"product-type-simple"},"jetpack_sharing_enabled":true,"_links":{"self":[{"href":"https:\/\/ddt.lv\/ru\/wp-json\/wp\/v2\/product\/22305"}],"collection":[{"href":"https:\/\/ddt.lv\/ru\/wp-json\/wp\/v2\/product"}],"about":[{"href":"https:\/\/ddt.lv\/ru\/wp-json\/wp\/v2\/types\/product"}],"replies":[{"embeddable":true,"href":"https:\/\/ddt.lv\/ru\/wp-json\/wp\/v2\/comments?post=22305"}],"wp:featuredmedia":[{"embeddable":true,"href":"https:\/\/ddt.lv\/ru\/wp-json\/wp\/v2\/media\/22327"}],"wp:attachment":[{"href":"https:\/\/ddt.lv\/ru\/wp-json\/wp\/v2\/media?parent=22305"}],"wp:term":[{"taxonomy":"product_cat","embeddable":true,"href":"https:\/\/ddt.lv\/ru\/wp-json\/wp\/v2\/product_cat?post=22305"},{"taxonomy":"product_tag","embeddable":true,"href":"https:\/\/ddt.lv\/ru\/wp-json\/wp\/v2\/product_tag?post=22305"},{"taxonomy":"yst_prominent_words","embeddable":true,"href":"https:\/\/ddt.lv\/ru\/wp-json\/wp\/v2\/yst_prominent_words?post=22305"}],"curies":[{"name":"wp","href":"https:\/\/api.w.org\/{rel}","templated":true}]}}