{"id":22303,"date":"2020-03-24T09:55:39","date_gmt":"2020-03-24T07:55:39","guid":{"rendered":"https:\/\/ddt.lv\/lv\/product\/18751-3w-led-indestructible-bl20-pro-44914-lukturis-varta\/"},"modified":"2026-04-13T11:50:24","modified_gmt":"2026-04-13T08:50:24","slug":"18751-3w-led-indestructible-bl20-pro-44914-lukturis-varta","status":"publish","type":"product","link":"https:\/\/ddt.lv\/ru\/product\/18751-3w-led-indestructible-bl20-pro-44914-lukturis-varta\/","title":{"rendered":"18751 3W LED INDESTRUCTIBLE BL20 PRO 4*4914 \u041b\u0430\u043c\u043f\u0430 VARTA"},"content":{"rendered":"<p>VARTA lukturi ir lieliski piem\u0113roti jebkurai situ\u0101cijai &#8211; m\u0101j\u0101s, darb\u0101 vai piedz\u012bvojumos \u0101rpus telp\u0101m.VARTA lukturu veiktsp\u0113ja piln\u012bb\u0101 atbilst ANSI standartam. VARTA apgaismojum\u0101\u00a0 pied\u0101v\u0101 ne tikai inovat\u012bvus produktus, bet ar\u012b garant\u0113 visaugst\u0101ko kvalit\u0101ti. Lai vienm\u0113r kalpotu jums un j\u016bsu \u0123imenei.<\/p>\n","protected":false},"excerpt":{"rendered":"<p>VARTA lukturi ir lieliski piem\u0113roti jebkurai situ\u0101cijai &#8211; m\u0101j\u0101s, darb\u0101 vai piedz\u012bvojumos \u0101rpus telp\u0101m.VARTA lukturu veiktsp\u0113ja piln\u012bb\u0101 atbilst ANSI standartam. VARTA apgaismojum\u0101\u00a0 pied\u0101v\u0101 ne tikai inovat\u012bvus produktus, bet ar\u012b garant\u0113 visaugst\u0101ko kvalit\u0101ti. Lai vienm\u0113r kalpotu jums un j\u016bsu \u0123imenei.<\/p>\n","protected":false},"featured_media":22324,"comment_status":"closed","ping_status":"closed","template":"","meta":{"inline_featured_image":false},"product_cat":[772,726],"product_tag":[],"yst_prominent_words":[],"class_list":{"0":"post-22303","1":"product","2":"type-product","3":"status-publish","4":"has-post-thumbnail","6":"product_cat-atlaides","7":"product_cat-kabatas","9":"first","10":"instock","11":"sale","12":"taxable","13":"shipping-taxable","14":"purchasable","15":"product-type-simple"},"jetpack_sharing_enabled":true,"_links":{"self":[{"href":"https:\/\/ddt.lv\/ru\/wp-json\/wp\/v2\/product\/22303"}],"collection":[{"href":"https:\/\/ddt.lv\/ru\/wp-json\/wp\/v2\/product"}],"about":[{"href":"https:\/\/ddt.lv\/ru\/wp-json\/wp\/v2\/types\/product"}],"replies":[{"embeddable":true,"href":"https:\/\/ddt.lv\/ru\/wp-json\/wp\/v2\/comments?post=22303"}],"wp:featuredmedia":[{"embeddable":true,"href":"https:\/\/ddt.lv\/ru\/wp-json\/wp\/v2\/media\/22324"}],"wp:attachment":[{"href":"https:\/\/ddt.lv\/ru\/wp-json\/wp\/v2\/media?parent=22303"}],"wp:term":[{"taxonomy":"product_cat","embeddable":true,"href":"https:\/\/ddt.lv\/ru\/wp-json\/wp\/v2\/product_cat?post=22303"},{"taxonomy":"product_tag","embeddable":true,"href":"https:\/\/ddt.lv\/ru\/wp-json\/wp\/v2\/product_tag?post=22303"},{"taxonomy":"yst_prominent_words","embeddable":true,"href":"https:\/\/ddt.lv\/ru\/wp-json\/wp\/v2\/yst_prominent_words?post=22303"}],"curies":[{"name":"wp","href":"https:\/\/api.w.org\/{rel}","templated":true}]}}