{"id":22285,"date":"2020-03-19T09:48:45","date_gmt":"2020-03-19T07:48:45","guid":{"rendered":"https:\/\/ddt.lv\/lv\/product\/4003-2-aaa-baterija-industrial-pleve-varta\/"},"modified":"2026-04-01T00:17:19","modified_gmt":"2026-03-31T21:17:19","slug":"4003-2-aaa-baterija-industrial-pleve-varta","status":"publish","type":"product","link":"https:\/\/ddt.lv\/ru\/product\/latviesu-4003-2-aaa-baterijas-varta-industrial-alkaline-2gb-pleve\/","title":{"rendered":"4003\/2 \u0411\u0430\u0442\u0430\u0440\u0435\u0439\u043a\u0430 AAA VARTA Industrial Alkaline \u0432 \u043f\u043b\u0435\u043d\u043a\u0435 2 \u0448\u0442."},"content":{"rendered":"<p>Industrial s\u0113rija ir \u012bpa\u0161i piem\u0113rota gala pat\u0113r\u0113t\u0101jiem &#8211; r\u016bpn\u012bc\u0101m, pulkste\u0146u darbn\u012bc\u0101m, laboratorij\u0101m. Sp\u0113c\u012bg\u0101 Alkaline \u0137\u012bmisk\u0101 sist\u0113ma par l\u0113t\u0101ku cenu, jo tiek ekonom\u0113ts uz tirdzniec\u012bbai paredz\u0113tiem izejmateri\u0101liem &#8211; iepakojumu un apdruku.<\/p>\n","protected":false},"excerpt":{"rendered":"<p>Industrial s\u0113rija ir \u012bpa\u0161i piem\u0113rota gala pat\u0113r\u0113t\u0101jiem &#8211; r\u016bpn\u012bc\u0101m, pulkste\u0146u darbn\u012bc\u0101m, laboratorij\u0101m. Sp\u0113c\u012bg\u0101 Alkaline \u0137\u012bmisk\u0101 sist\u0113ma par l\u0113t\u0101ku cenu, jo tiek ekonom\u0113ts uz tirdzniec\u012bbai paredz\u0113tiem izejmateri\u0101liem &#8211; iepakojumu un apdruku.<\/p>\n","protected":false},"featured_media":33174,"comment_status":"closed","ping_status":"closed","template":"","meta":{"inline_featured_image":false},"product_cat":[772,442],"product_tag":[],"yst_prominent_words":[],"class_list":{"0":"post-22285","1":"product","2":"type-product","3":"status-publish","4":"has-post-thumbnail","6":"product_cat-atlaides","7":"product_cat-aaa","9":"first","10":"instock","11":"sale","12":"taxable","13":"shipping-taxable","14":"purchasable","15":"product-type-simple"},"jetpack_sharing_enabled":true,"_links":{"self":[{"href":"https:\/\/ddt.lv\/ru\/wp-json\/wp\/v2\/product\/22285"}],"collection":[{"href":"https:\/\/ddt.lv\/ru\/wp-json\/wp\/v2\/product"}],"about":[{"href":"https:\/\/ddt.lv\/ru\/wp-json\/wp\/v2\/types\/product"}],"replies":[{"embeddable":true,"href":"https:\/\/ddt.lv\/ru\/wp-json\/wp\/v2\/comments?post=22285"}],"wp:featuredmedia":[{"embeddable":true,"href":"https:\/\/ddt.lv\/ru\/wp-json\/wp\/v2\/media\/33174"}],"wp:attachment":[{"href":"https:\/\/ddt.lv\/ru\/wp-json\/wp\/v2\/media?parent=22285"}],"wp:term":[{"taxonomy":"product_cat","embeddable":true,"href":"https:\/\/ddt.lv\/ru\/wp-json\/wp\/v2\/product_cat?post=22285"},{"taxonomy":"product_tag","embeddable":true,"href":"https:\/\/ddt.lv\/ru\/wp-json\/wp\/v2\/product_tag?post=22285"},{"taxonomy":"yst_prominent_words","embeddable":true,"href":"https:\/\/ddt.lv\/ru\/wp-json\/wp\/v2\/yst_prominent_words?post=22285"}],"curies":[{"name":"wp","href":"https:\/\/api.w.org\/{rel}","templated":true}]}}