{"id":22216,"date":"2020-03-12T10:35:06","date_gmt":"2020-03-12T08:35:06","guid":{"rendered":"https:\/\/ddt.lv\/lv\/product\/57684-ladejama-ierice-lcd-smart-4xaa-2100mah-varta\/"},"modified":"2026-04-13T09:57:20","modified_gmt":"2026-04-13T06:57:20","slug":"57684-ladejama-ierice-lcd-smart-4xaa-2100mah-varta","status":"publish","type":"product","link":"https:\/\/ddt.lv\/ru\/product\/57684-ladejama-ierice-lcd-smart-4xaa-2100mah-varta\/","title":{"rendered":"57684 \u0417\u0430\u0440\u044f\u0434\u043d\u043e\u0435 \u0443\u0441\u0442\u0440\u043e\u0439\u0441\u0442\u0432\u043e \u0434\u043b\u044f \u0430\u043a\u043a\u0443\u043c\u0443\u043b\u044f\u0442\u043e\u0440\u043e\u0432 VARTA LCD Smart+, \u043a\u043e\u043c\u043f\u043b\u0435\u043a\u0442 \u0438\u0437 4 \u0448\u0442. \u0410\u0410 2100 \u043c\u0410\u0447"},"content":{"rendered":"<p>Atsvaidziniet savas baterijas! Izmantojot divus da\u017e\u0101dus re\u017e\u012bmus, LCD Smart Charger + sp\u0113j ne tikai uzl\u0101d\u0113t, bet ar\u012b atsvaidzin\u0101t NiMH baterijas, kuru ietilp\u012bba lieto\u0161anas laik\u0101 ir samazin\u0101jusies. Komplekt\u0101 ar 4gb AA 2100mAh akumulatoru baterij\u0101m no ra\u017eot\u0101ja Varta.<\/p>\n","protected":false},"excerpt":{"rendered":"<p>Atsvaidziniet savas baterijas! Izmantojot divus da\u017e\u0101dus re\u017e\u012bmus, LCD Smart Charger + sp\u0113j ne tikai uzl\u0101d\u0113t, bet ar\u012b atsvaidzin\u0101t NiMH baterijas, kuru ietilp\u012bba lieto\u0161anas laik\u0101 ir samazin\u0101jusies. Komplekt\u0101 ar 4gb AA 2100mAh akumulatoru baterij\u0101m no ra\u017eot\u0101ja Varta.<\/p>\n","protected":false},"featured_media":22230,"comment_status":"closed","ping_status":"closed","template":"","meta":{"inline_featured_image":false},"product_cat":[772,453],"product_tag":[],"yst_prominent_words":[],"class_list":{"0":"post-22216","1":"product","2":"type-product","3":"status-publish","4":"has-post-thumbnail","6":"product_cat-atlaides","7":"product_cat-ladesanas-ierices","9":"first","10":"instock","11":"sale","12":"taxable","13":"shipping-taxable","14":"purchasable","15":"product-type-simple"},"jetpack_sharing_enabled":true,"_links":{"self":[{"href":"https:\/\/ddt.lv\/ru\/wp-json\/wp\/v2\/product\/22216"}],"collection":[{"href":"https:\/\/ddt.lv\/ru\/wp-json\/wp\/v2\/product"}],"about":[{"href":"https:\/\/ddt.lv\/ru\/wp-json\/wp\/v2\/types\/product"}],"replies":[{"embeddable":true,"href":"https:\/\/ddt.lv\/ru\/wp-json\/wp\/v2\/comments?post=22216"}],"wp:featuredmedia":[{"embeddable":true,"href":"https:\/\/ddt.lv\/ru\/wp-json\/wp\/v2\/media\/22230"}],"wp:attachment":[{"href":"https:\/\/ddt.lv\/ru\/wp-json\/wp\/v2\/media?parent=22216"}],"wp:term":[{"taxonomy":"product_cat","embeddable":true,"href":"https:\/\/ddt.lv\/ru\/wp-json\/wp\/v2\/product_cat?post=22216"},{"taxonomy":"product_tag","embeddable":true,"href":"https:\/\/ddt.lv\/ru\/wp-json\/wp\/v2\/product_tag?post=22216"},{"taxonomy":"yst_prominent_words","embeddable":true,"href":"https:\/\/ddt.lv\/ru\/wp-json\/wp\/v2\/yst_prominent_words?post=22216"}],"curies":[{"name":"wp","href":"https:\/\/api.w.org\/{rel}","templated":true}]}}